{"id":6224,"date":"2025-07-09T15:16:40","date_gmt":"2025-07-09T15:16:40","guid":{"rendered":"https:\/\/lawlinguists.com\/servicios-2\/"},"modified":"2025-08-06T16:18:29","modified_gmt":"2025-08-06T16:18:29","slug":"servicios","status":"publish","type":"page","link":"https:\/\/lawlinguists.com\/es\/servicios\/","title":{"rendered":"Servicios"},"content":{"rendered":"<h2>Los t\u00e9rminos legales correctos, en cualquier idioma<\/h2>\n<h2>Servicios de traducci\u00f3n legal<\/h2>\n<p>\t\t\t\t\t\t\t\t\t\t\t\t\t\t\t<img fetchpriority=\"high\" decoding=\"async\" width=\"768\" height=\"1289\" src=\"https:\/\/lawlinguists.com\/wp-content\/uploads\/2020\/03\/KU0q97V3-768x1289.jpeg\" alt=\"\" srcset=\"https:\/\/lawlinguists.com\/wp-content\/uploads\/2020\/03\/KU0q97V3-768x1289.jpeg 768w, https:\/\/lawlinguists.com\/wp-content\/uploads\/2020\/03\/KU0q97V3-179x300.jpeg 179w, https:\/\/lawlinguists.com\/wp-content\/uploads\/2020\/03\/KU0q97V3-610x1024.jpeg 610w, https:\/\/lawlinguists.com\/wp-content\/uploads\/2020\/03\/KU0q97V3-915x1536.jpeg 915w, https:\/\/lawlinguists.com\/wp-content\/uploads\/2020\/03\/KU0q97V3.jpeg 1144w\" sizes=\"(max-width: 768px) 100vw, 768px\" \/>\t\t\t\t\t\t\t\t\t\t\t\t\t\t\t<\/p>\n<h2>Servicios de traducci\u00f3n legal complementarios<\/h2>\n<p>\t\t\t\t\t\t\t\t\t\t\t\t<a tabindex=\"0\">Revisi\u00f3n jur\u00eddica<\/a><\/p>\n<p>Revisi\u00f3n y control de las traducciones jur\u00eddicas realizadas internamente por el cliente a cargo de un abogado\/traductor de Lawlinguists, cuya lengua materna es el idioma de destino de la traducci\u00f3n.<\/p>\n<p>\t\t\t\t\t\t\t\t\t\t\t\t<a tabindex=\"0\">Due Diligence<\/a><\/p>\n<p>Traducciones de todos los documentos de una Due Diligence en colaboraci\u00f3n con el equipo jur\u00eddico de nuestro cliente. Ayudamos a ahorrar tiempo a tu equipo y a optimizar esfuerzos durante la Due Diligence.<\/p>\n<p>\t\t\t\t\t\t\t\t\t\t\t\t<a tabindex=\"0\">Nota jur\u00eddica<\/a><\/p>\n<p>Si la ley del pa\u00eds de origen de nuestros abogados-traductores lo permite, \u00e9stos pueden emitir notas jur\u00eddicas junto con la traducci\u00f3n realizada apuntando aspectos importantes, posibles dificultades o clarificaciones del documento en sus ordenamientos jur\u00eddicos.<\/p>\n<p>\t\t\t\t\t\t\t\t\t\t\t\t<a tabindex=\"0\">Certificaci\u00f3n<\/a><\/p>\n<p>En caso de que as\u00ed lo desee el cliente y seg\u00fan el ordenamiento jur\u00eddico de cada pa\u00eds, nuestro equipo puede realizar certificaciones de documentos y traducciones juradas.<\/p>\n<p>\t\t\t\t\t\t\t\t\t\t\t\t<a tabindex=\"0\">Tipo de documentos<\/a><\/p>\n<p>Contratos, sentencias, actuaciones procesales, textos normativos, art\u00edculos jur\u00eddicos, dict\u00e1menes, documentos normativos internos de multinacionales, documentos relativos al arbitraje internacional, propiedad intelectual como patentes, marcas, propiedad industrial, derecho de sociedades, pactos de socios, estatutos de sociedades, contratos de distribuci\u00f3n, contratos farmac\u00e9uticos, contratos relativos al \u00e1mbito del retail, documentos relativos a derecho mercantil, derecho tributario, financiero, derecho laboral, derecho de la competencia, derecho de familia, matrimonial, adopciones internacionales, sucesiones, donaciones, fundaciones, fundaciones internacionales, derecho can\u00f3nico y eclesi\u00e1stico F&amp;A, contencioso, entre otros\u2026<\/p>\n<p>\t\t\t\t\t\t\t\t\t\t\t\t<a tabindex=\"0\">Clientes habituales<\/a><\/p>\n<p>Despachos de abogados, empresas y multinacionales, arbitraje internacional, instituciones p\u00fablicas.<\/p>\n<h2>Algunos de nuestros clientes<\/h2>\n<p>\t\t\t\t\t\t\t\t\t\t\t\t\t\t\t<img decoding=\"async\" width=\"343\" height=\"164\" src=\"https:\/\/lawlinguists.com\/wp-content\/uploads\/2015\/09\/mediaset.png\" alt=\"\" srcset=\"https:\/\/lawlinguists.com\/wp-content\/uploads\/2015\/09\/mediaset.png 343w, https:\/\/lawlinguists.com\/wp-content\/uploads\/2015\/09\/mediaset-300x143.png 300w\" sizes=\"(max-width: 343px) 100vw, 343px\" \/><br \/>\n\t\t\t\t\t\t\t\t\t\t\t\t\t\t\t<img decoding=\"async\" width=\"299\" height=\"164\" src=\"https:\/\/lawlinguists.com\/wp-content\/uploads\/2015\/07\/Garrigues3ok.png\" alt=\"\" \/><\/p>\n","protected":false},"excerpt":{"rendered":"<p>Los t\u00e9rminos legales correctos, en cualquier idioma Servicios de traducci\u00f3n legal Servicios de traducci\u00f3n legal complementarios Revisi\u00f3n jur\u00eddica Revisi\u00f3n y control de las traducciones jur\u00eddicas realizadas internamente por el cliente a cargo de un abogado\/traductor de Lawlinguists, cuya lengua materna es el idioma de destino&#8230;<\/p>\n","protected":false},"author":15,"featured_media":0,"parent":0,"menu_order":0,"comment_status":"closed","ping_status":"closed","template":"","meta":{"footnotes":""},"class_list":["post-6224","page","type-page","status-publish","hentry"],"yoast_head":"<!-- This site is optimized with the Yoast SEO plugin v27.4 - https:\/\/yoast.com\/product\/yoast-seo-wordpress\/ -->\n<title>Servicios - Lawlinguists<\/title>\n<meta name=\"robots\" content=\"index, follow, max-snippet:-1, max-image-preview:large, max-video-preview:-1\" \/>\n<link rel=\"canonical\" href=\"https:\/\/lawlinguists.com\/es\/servicios\/\" \/>\n<meta property=\"og:locale\" content=\"es_ES\" \/>\n<meta property=\"og:type\" content=\"article\" \/>\n<meta property=\"og:title\" content=\"Servicios - Lawlinguists\" \/>\n<meta property=\"og:description\" content=\"Los t\u00e9rminos legales correctos, en cualquier idioma Servicios de traducci\u00f3n legal Servicios de traducci\u00f3n legal complementarios Revisi\u00f3n jur\u00eddica Revisi\u00f3n y control de las traducciones jur\u00eddicas realizadas internamente por el cliente a cargo de un abogado\/traductor de Lawlinguists, cuya lengua materna es el idioma de destino...\" \/>\n<meta property=\"og:url\" content=\"https:\/\/lawlinguists.com\/es\/servicios\/\" \/>\n<meta property=\"og:site_name\" content=\"Lawlinguists\" \/>\n<meta property=\"article:publisher\" content=\"https:\/\/www.facebook.com\/LawlinguistsTranslationAgency\/\" \/>\n<meta property=\"article:modified_time\" content=\"2025-08-06T16:18:29+00:00\" \/>\n<meta property=\"og:image\" content=\"https:\/\/lawlinguists.com\/wp-content\/uploads\/2020\/03\/KU0q97V3.jpeg\" \/>\n\t<meta property=\"og:image:width\" content=\"1144\" \/>\n\t<meta property=\"og:image:height\" content=\"1920\" \/>\n\t<meta property=\"og:image:type\" content=\"image\/jpeg\" \/>\n<meta name=\"twitter:card\" content=\"summary_large_image\" \/>\n<meta name=\"twitter:site\" content=\"@Lawlinguists\" \/>\n<meta name=\"twitter:label1\" content=\"Tiempo de lectura\" \/>\n\t<meta name=\"twitter:data1\" content=\"2 minutos\" \/>\n<script type=\"application\/ld+json\" class=\"yoast-schema-graph\">{\"@context\":\"https:\\\/\\\/schema.org\",\"@graph\":[{\"@type\":\"WebPage\",\"@id\":\"https:\\\/\\\/lawlinguists.com\\\/es\\\/servicios\\\/\",\"url\":\"https:\\\/\\\/lawlinguists.com\\\/es\\\/servicios\\\/\",\"name\":\"Servicios - Lawlinguists\",\"isPartOf\":{\"@id\":\"https:\\\/\\\/lawlinguists.com\\\/#website\"},\"primaryImageOfPage\":{\"@id\":\"https:\\\/\\\/lawlinguists.com\\\/es\\\/servicios\\\/#primaryimage\"},\"image\":{\"@id\":\"https:\\\/\\\/lawlinguists.com\\\/es\\\/servicios\\\/#primaryimage\"},\"thumbnailUrl\":\"https:\\\/\\\/lawlinguists.com\\\/wp-content\\\/uploads\\\/2020\\\/03\\\/KU0q97V3-768x1289.jpeg\",\"datePublished\":\"2025-07-09T15:16:40+00:00\",\"dateModified\":\"2025-08-06T16:18:29+00:00\",\"breadcrumb\":{\"@id\":\"https:\\\/\\\/lawlinguists.com\\\/es\\\/servicios\\\/#breadcrumb\"},\"inLanguage\":\"es\",\"potentialAction\":[{\"@type\":\"ReadAction\",\"target\":[\"https:\\\/\\\/lawlinguists.com\\\/es\\\/servicios\\\/\"]}]},{\"@type\":\"ImageObject\",\"inLanguage\":\"es\",\"@id\":\"https:\\\/\\\/lawlinguists.com\\\/es\\\/servicios\\\/#primaryimage\",\"url\":\"https:\\\/\\\/lawlinguists.com\\\/wp-content\\\/uploads\\\/2020\\\/03\\\/KU0q97V3-768x1289.jpeg\",\"contentUrl\":\"https:\\\/\\\/lawlinguists.com\\\/wp-content\\\/uploads\\\/2020\\\/03\\\/KU0q97V3-768x1289.jpeg\"},{\"@type\":\"BreadcrumbList\",\"@id\":\"https:\\\/\\\/lawlinguists.com\\\/es\\\/servicios\\\/#breadcrumb\",\"itemListElement\":[{\"@type\":\"ListItem\",\"position\":1,\"name\":\"Lawlinguists\",\"item\":\"https:\\\/\\\/lawlinguists.com\\\/es\\\/home\\\/\"},{\"@type\":\"ListItem\",\"position\":2,\"name\":\"Servicios\"}]},{\"@type\":\"WebSite\",\"@id\":\"https:\\\/\\\/lawlinguists.com\\\/#website\",\"url\":\"https:\\\/\\\/lawlinguists.com\\\/\",\"name\":\"Lawlinguists\",\"description\":\"Because words can change clauses\",\"publisher\":{\"@id\":\"https:\\\/\\\/lawlinguists.com\\\/#organization\"},\"potentialAction\":[{\"@type\":\"SearchAction\",\"target\":{\"@type\":\"EntryPoint\",\"urlTemplate\":\"https:\\\/\\\/lawlinguists.com\\\/?s={search_term_string}\"},\"query-input\":{\"@type\":\"PropertyValueSpecification\",\"valueRequired\":true,\"valueName\":\"search_term_string\"}}],\"inLanguage\":\"es\"},{\"@type\":\"Organization\",\"@id\":\"https:\\\/\\\/lawlinguists.com\\\/#organization\",\"name\":\"Lawlinguists\",\"url\":\"https:\\\/\\\/lawlinguists.com\\\/\",\"logo\":{\"@type\":\"ImageObject\",\"inLanguage\":\"es\",\"@id\":\"https:\\\/\\\/lawlinguists.com\\\/#\\\/schema\\\/logo\\\/image\\\/\",\"url\":\"https:\\\/\\\/lawlinguists.com\\\/wp-content\\\/uploads\\\/2015\\\/11\\\/Lawlinguists.png\",\"contentUrl\":\"https:\\\/\\\/lawlinguists.com\\\/wp-content\\\/uploads\\\/2015\\\/11\\\/Lawlinguists.png\",\"width\":296,\"height\":115,\"caption\":\"Lawlinguists\"},\"image\":{\"@id\":\"https:\\\/\\\/lawlinguists.com\\\/#\\\/schema\\\/logo\\\/image\\\/\"},\"sameAs\":[\"https:\\\/\\\/www.facebook.com\\\/LawlinguistsTranslationAgency\\\/\",\"https:\\\/\\\/x.com\\\/Lawlinguists\",\"https:\\\/\\\/www.linkedin.com\\\/company\\\/lawlinguists-com?trk=tabs_biz_home\"]}]}<\/script>\n<!-- \/ Yoast SEO plugin. -->","yoast_head_json":{"title":"Servicios - Lawlinguists","robots":{"index":"index","follow":"follow","max-snippet":"max-snippet:-1","max-image-preview":"max-image-preview:large","max-video-preview":"max-video-preview:-1"},"canonical":"https:\/\/lawlinguists.com\/es\/servicios\/","og_locale":"es_ES","og_type":"article","og_title":"Servicios - Lawlinguists","og_description":"Los t\u00e9rminos legales correctos, en cualquier idioma Servicios de traducci\u00f3n legal Servicios de traducci\u00f3n legal complementarios Revisi\u00f3n jur\u00eddica Revisi\u00f3n y control de las traducciones jur\u00eddicas realizadas internamente por el cliente a cargo de un abogado\/traductor de Lawlinguists, cuya lengua materna es el idioma de destino...","og_url":"https:\/\/lawlinguists.com\/es\/servicios\/","og_site_name":"Lawlinguists","article_publisher":"https:\/\/www.facebook.com\/LawlinguistsTranslationAgency\/","article_modified_time":"2025-08-06T16:18:29+00:00","og_image":[{"width":1144,"height":1920,"url":"https:\/\/lawlinguists.com\/wp-content\/uploads\/2020\/03\/KU0q97V3.jpeg","type":"image\/jpeg"}],"twitter_card":"summary_large_image","twitter_site":"@Lawlinguists","twitter_misc":{"Tiempo de lectura":"2 minutos"},"schema":{"@context":"https:\/\/schema.org","@graph":[{"@type":"WebPage","@id":"https:\/\/lawlinguists.com\/es\/servicios\/","url":"https:\/\/lawlinguists.com\/es\/servicios\/","name":"Servicios - Lawlinguists","isPartOf":{"@id":"https:\/\/lawlinguists.com\/#website"},"primaryImageOfPage":{"@id":"https:\/\/lawlinguists.com\/es\/servicios\/#primaryimage"},"image":{"@id":"https:\/\/lawlinguists.com\/es\/servicios\/#primaryimage"},"thumbnailUrl":"https:\/\/lawlinguists.com\/wp-content\/uploads\/2020\/03\/KU0q97V3-768x1289.jpeg","datePublished":"2025-07-09T15:16:40+00:00","dateModified":"2025-08-06T16:18:29+00:00","breadcrumb":{"@id":"https:\/\/lawlinguists.com\/es\/servicios\/#breadcrumb"},"inLanguage":"es","potentialAction":[{"@type":"ReadAction","target":["https:\/\/lawlinguists.com\/es\/servicios\/"]}]},{"@type":"ImageObject","inLanguage":"es","@id":"https:\/\/lawlinguists.com\/es\/servicios\/#primaryimage","url":"https:\/\/lawlinguists.com\/wp-content\/uploads\/2020\/03\/KU0q97V3-768x1289.jpeg","contentUrl":"https:\/\/lawlinguists.com\/wp-content\/uploads\/2020\/03\/KU0q97V3-768x1289.jpeg"},{"@type":"BreadcrumbList","@id":"https:\/\/lawlinguists.com\/es\/servicios\/#breadcrumb","itemListElement":[{"@type":"ListItem","position":1,"name":"Lawlinguists","item":"https:\/\/lawlinguists.com\/es\/home\/"},{"@type":"ListItem","position":2,"name":"Servicios"}]},{"@type":"WebSite","@id":"https:\/\/lawlinguists.com\/#website","url":"https:\/\/lawlinguists.com\/","name":"Lawlinguists","description":"Because words can change clauses","publisher":{"@id":"https:\/\/lawlinguists.com\/#organization"},"potentialAction":[{"@type":"SearchAction","target":{"@type":"EntryPoint","urlTemplate":"https:\/\/lawlinguists.com\/?s={search_term_string}"},"query-input":{"@type":"PropertyValueSpecification","valueRequired":true,"valueName":"search_term_string"}}],"inLanguage":"es"},{"@type":"Organization","@id":"https:\/\/lawlinguists.com\/#organization","name":"Lawlinguists","url":"https:\/\/lawlinguists.com\/","logo":{"@type":"ImageObject","inLanguage":"es","@id":"https:\/\/lawlinguists.com\/#\/schema\/logo\/image\/","url":"https:\/\/lawlinguists.com\/wp-content\/uploads\/2015\/11\/Lawlinguists.png","contentUrl":"https:\/\/lawlinguists.com\/wp-content\/uploads\/2015\/11\/Lawlinguists.png","width":296,"height":115,"caption":"Lawlinguists"},"image":{"@id":"https:\/\/lawlinguists.com\/#\/schema\/logo\/image\/"},"sameAs":["https:\/\/www.facebook.com\/LawlinguistsTranslationAgency\/","https:\/\/x.com\/Lawlinguists","https:\/\/www.linkedin.com\/company\/lawlinguists-com?trk=tabs_biz_home"]}]}},"featured_image_src":null,"featured_image_src_square":null,"_links":{"self":[{"href":"https:\/\/lawlinguists.com\/es\/wp-json\/wp\/v2\/pages\/6224","targetHints":{"allow":["GET"]}}],"collection":[{"href":"https:\/\/lawlinguists.com\/es\/wp-json\/wp\/v2\/pages"}],"about":[{"href":"https:\/\/lawlinguists.com\/es\/wp-json\/wp\/v2\/types\/page"}],"author":[{"embeddable":true,"href":"https:\/\/lawlinguists.com\/es\/wp-json\/wp\/v2\/users\/15"}],"replies":[{"embeddable":true,"href":"https:\/\/lawlinguists.com\/es\/wp-json\/wp\/v2\/comments?post=6224"}],"version-history":[{"count":0,"href":"https:\/\/lawlinguists.com\/es\/wp-json\/wp\/v2\/pages\/6224\/revisions"}],"wp:attachment":[{"href":"https:\/\/lawlinguists.com\/es\/wp-json\/wp\/v2\/media?parent=6224"}],"curies":[{"name":"wp","href":"https:\/\/api.w.org\/{rel}","templated":true}]}}