{"id":6222,"date":"2025-07-09T15:11:49","date_gmt":"2025-07-09T15:11:49","guid":{"rendered":"https:\/\/lawlinguists.com\/how-we-work2025\/"},"modified":"2025-08-06T16:21:49","modified_gmt":"2025-08-06T16:21:49","slug":"metodo","status":"publish","type":"page","link":"https:\/\/lawlinguists.com\/es\/metodo\/","title":{"rendered":"M\u00e9todo"},"content":{"rendered":"\t\t<div data-elementor-type=\"wp-page\" data-elementor-id=\"6222\" class=\"elementor elementor-6222 elementor-6186\" data-elementor-post-type=\"page\">\n\t\t\t\t\t\t<section class=\"elementor-section elementor-top-section elementor-element elementor-element-c8decd9 elementor-section-height-min-height elementor-section-boxed elementor-section-height-default elementor-section-items-middle\" data-id=\"c8decd9\" data-element_type=\"section\" data-e-type=\"section\" data-settings=\"{&quot;background_background&quot;:&quot;classic&quot;}\">\n\t\t\t\t\t\t<div class=\"elementor-container elementor-column-gap-default\">\n\t\t\t\t\t<div class=\"elementor-column elementor-col-100 elementor-top-column elementor-element elementor-element-d6ee1da\" data-id=\"d6ee1da\" data-element_type=\"column\" data-e-type=\"column\">\n\t\t\t<div class=\"elementor-widget-wrap elementor-element-populated\">\n\t\t\t\t\t\t<div class=\"elementor-element elementor-element-90e1c70 elementor-widget elementor-widget-heading\" data-id=\"90e1c70\" data-element_type=\"widget\" data-e-type=\"widget\" data-widget_type=\"heading.default\">\n\t\t\t\t<div class=\"elementor-widget-container\">\n\t\t\t\t\t<h2 class=\"elementor-heading-title elementor-size-default\">Somos tu socio global <\/h2>\t\t\t\t<\/div>\n\t\t\t\t<\/div>\n\t\t\t\t\t<\/div>\n\t\t<\/div>\n\t\t\t\t\t<\/div>\n\t\t<\/section>\n\t\t\t\t<section class=\"elementor-section elementor-top-section elementor-element elementor-element-7647527 elementor-section-boxed elementor-section-height-default elementor-section-height-default\" data-id=\"7647527\" data-element_type=\"section\" data-e-type=\"section\">\n\t\t\t\t\t\t<div class=\"elementor-container elementor-column-gap-default\">\n\t\t\t\t\t<div class=\"elementor-column elementor-col-100 elementor-top-column elementor-element elementor-element-b3fa84a\" data-id=\"b3fa84a\" data-element_type=\"column\" data-e-type=\"column\">\n\t\t\t<div class=\"elementor-widget-wrap elementor-element-populated\">\n\t\t\t\t\t\t<div class=\"elementor-element elementor-element-3d823da elementor-widget elementor-widget-heading\" data-id=\"3d823da\" data-element_type=\"widget\" data-e-type=\"widget\" data-widget_type=\"heading.default\">\n\t\t\t\t<div class=\"elementor-widget-container\">\n\t\t\t\t\t<h2 class=\"elementor-heading-title elementor-size-default\">C\u00f3mo trabajamos<\/h2>\t\t\t\t<\/div>\n\t\t\t\t<\/div>\n\t\t\t\t<div class=\"elementor-element elementor-element-fe7f381 animated-fast elementor-widget elementor-widget-image\" data-id=\"fe7f381\" data-element_type=\"widget\" data-e-type=\"widget\" data-settings=\"{&quot;_animation&quot;:&quot;none&quot;}\" data-widget_type=\"image.default\">\n\t\t\t\t<div class=\"elementor-widget-container\">\n\t\t\t\t\t\t\t\t\t\t\t\t\t\t\t<img fetchpriority=\"high\" decoding=\"async\" width=\"768\" height=\"971\" src=\"https:\/\/lawlinguists.com\/wp-content\/uploads\/2020\/03\/nWg5BhTP-768x971.jpeg\" class=\"attachment-medium_large size-medium_large wp-image-4747\" alt=\"\" srcset=\"https:\/\/lawlinguists.com\/wp-content\/uploads\/2020\/03\/nWg5BhTP-768x971.jpeg 768w, https:\/\/lawlinguists.com\/wp-content\/uploads\/2020\/03\/nWg5BhTP-237x300.jpeg 237w, https:\/\/lawlinguists.com\/wp-content\/uploads\/2020\/03\/nWg5BhTP-810x1024.jpeg 810w, https:\/\/lawlinguists.com\/wp-content\/uploads\/2020\/03\/nWg5BhTP-1214x1536.jpeg 1214w, https:\/\/lawlinguists.com\/wp-content\/uploads\/2020\/03\/nWg5BhTP.jpeg 1518w\" sizes=\"(max-width: 768px) 100vw, 768px\" \/>\t\t\t\t\t\t\t\t\t\t\t\t\t\t\t<\/div>\n\t\t\t\t<\/div>\n\t\t\t\t\t<\/div>\n\t\t<\/div>\n\t\t\t\t\t<\/div>\n\t\t<\/section>\n\t\t\t\t<section class=\"elementor-section elementor-top-section elementor-element elementor-element-f3c81f1 elementor-section-boxed elementor-section-height-default elementor-section-height-default\" data-id=\"f3c81f1\" data-element_type=\"section\" data-e-type=\"section\" data-settings=\"{&quot;background_background&quot;:&quot;classic&quot;}\">\n\t\t\t\t\t\t\t<div class=\"elementor-background-overlay\"><\/div>\n\t\t\t\t\t\t\t<div class=\"elementor-container elementor-column-gap-default\">\n\t\t\t\t\t<div class=\"elementor-column elementor-col-100 elementor-top-column elementor-element elementor-element-42343d8\" data-id=\"42343d8\" data-element_type=\"column\" data-e-type=\"column\">\n\t\t\t<div class=\"elementor-widget-wrap elementor-element-populated\">\n\t\t\t\t\t\t<div class=\"elementor-element elementor-element-de25ccd elementor-widget elementor-widget-heading\" data-id=\"de25ccd\" data-element_type=\"widget\" data-e-type=\"widget\" data-widget_type=\"heading.default\">\n\t\t\t\t<div class=\"elementor-widget-container\">\n\t\t\t\t\t<h2 class=\"elementor-heading-title elementor-size-default\">Algunos de nuestros clientes<\/h2>\t\t\t\t<\/div>\n\t\t\t\t<\/div>\n\t\t\t\t<div class=\"elementor-element elementor-element-400264b elementor-widget__width-initial elementor-widget elementor-widget-image\" data-id=\"400264b\" data-element_type=\"widget\" data-e-type=\"widget\" data-widget_type=\"image.default\">\n\t\t\t\t<div class=\"elementor-widget-container\">\n\t\t\t\t\t\t\t\t\t\t\t\t\t\t\t<img decoding=\"async\" width=\"335\" height=\"164\" src=\"https:\/\/lawlinguists.com\/wp-content\/uploads\/2015\/09\/unicredit2.png\" class=\"attachment-large size-large wp-image-4606\" alt=\"\" srcset=\"https:\/\/lawlinguists.com\/wp-content\/uploads\/2015\/09\/unicredit2.png 335w, https:\/\/lawlinguists.com\/wp-content\/uploads\/2015\/09\/unicredit2-300x147.png 300w\" sizes=\"(max-width: 335px) 100vw, 335px\" \/>\t\t\t\t\t\t\t\t\t\t\t\t\t\t\t<\/div>\n\t\t\t\t<\/div>\n\t\t\t\t<div class=\"elementor-element elementor-element-3127068 elementor-widget__width-initial elementor-widget elementor-widget-image\" data-id=\"3127068\" data-element_type=\"widget\" data-e-type=\"widget\" data-widget_type=\"image.default\">\n\t\t\t\t<div class=\"elementor-widget-container\">\n\t\t\t\t\t\t\t\t\t\t\t\t\t\t\t<img decoding=\"async\" width=\"299\" height=\"164\" src=\"https:\/\/lawlinguists.com\/wp-content\/uploads\/2015\/09\/KingAndWood3ok.png\" class=\"attachment-large size-large wp-image-4607\" alt=\"\" \/>\t\t\t\t\t\t\t\t\t\t\t\t\t\t\t<\/div>\n\t\t\t\t<\/div>\n\t\t\t\t<div class=\"elementor-element elementor-element-2b0501a elementor-widget__width-initial elementor-widget elementor-widget-image\" data-id=\"2b0501a\" data-element_type=\"widget\" data-e-type=\"widget\" data-widget_type=\"image.default\">\n\t\t\t\t<div class=\"elementor-widget-container\">\n\t\t\t\t\t\t\t\t\t\t\t\t\t\t\t<img loading=\"lazy\" decoding=\"async\" width=\"299\" height=\"164\" src=\"https:\/\/lawlinguists.com\/wp-content\/uploads\/2015\/09\/Allen-e-Overy3ok.png\" class=\"attachment-large size-large wp-image-4608\" alt=\"\" \/>\t\t\t\t\t\t\t\t\t\t\t\t\t\t\t<\/div>\n\t\t\t\t<\/div>\n\t\t\t\t\t<\/div>\n\t\t<\/div>\n\t\t\t\t\t<\/div>\n\t\t<\/section>\n\t\t\t\t<section class=\"elementor-section elementor-top-section elementor-element elementor-element-db3ae30 elementor-section-boxed elementor-section-height-default elementor-section-height-default\" data-id=\"db3ae30\" data-element_type=\"section\" data-e-type=\"section\">\n\t\t\t\t\t\t<div class=\"elementor-container elementor-column-gap-default\">\n\t\t\t\t\t<div class=\"elementor-column elementor-col-100 elementor-top-column elementor-element elementor-element-d2c9cfc\" data-id=\"d2c9cfc\" data-element_type=\"column\" data-e-type=\"column\">\n\t\t\t<div class=\"elementor-widget-wrap elementor-element-populated\">\n\t\t\t\t\t\t<div class=\"elementor-element elementor-element-93f2bb3 elementor-widget elementor-widget-heading\" data-id=\"93f2bb3\" data-element_type=\"widget\" data-e-type=\"widget\" data-widget_type=\"heading.default\">\n\t\t\t\t<div class=\"elementor-widget-container\">\n\t\t\t\t\t<h2 class=\"elementor-heading-title elementor-size-default\">S\u00f3lo abogados<\/h2>\t\t\t\t<\/div>\n\t\t\t\t<\/div>\n\t\t<div class=\"elementor-element elementor-element-6ab3d16 e-flex e-con-boxed e-con e-parent\" data-id=\"6ab3d16\" data-element_type=\"container\" data-e-type=\"container\">\n\t\t\t\t\t<div class=\"e-con-inner\">\n\t\t\t\t<div class=\"elementor-element elementor-element-a894b68 elementor-widget elementor-widget-image\" data-id=\"a894b68\" data-element_type=\"widget\" data-e-type=\"widget\" data-settings=\"{&quot;_animation&quot;:&quot;none&quot;}\" data-widget_type=\"image.default\">\n\t\t\t\t<div class=\"elementor-widget-container\">\n\t\t\t\t\t\t\t\t\t\t\t\t\t\t\t<img loading=\"lazy\" decoding=\"async\" width=\"666\" height=\"820\" src=\"https:\/\/lawlinguists.com\/wp-content\/uploads\/2025\/07\/Delivery-Deadline_SPA.jpg\" class=\"attachment-large size-large wp-image-6227\" alt=\"\" srcset=\"https:\/\/lawlinguists.com\/wp-content\/uploads\/2025\/07\/Delivery-Deadline_SPA.jpg 666w, https:\/\/lawlinguists.com\/wp-content\/uploads\/2025\/07\/Delivery-Deadline_SPA-244x300.jpg 244w\" sizes=\"(max-width: 666px) 100vw, 666px\" \/>\t\t\t\t\t\t\t\t\t\t\t\t\t\t\t<\/div>\n\t\t\t\t<\/div>\n\t\t\t\t<div class=\"elementor-element elementor-element-e7750c1 elementor-widget elementor-widget-image\" data-id=\"e7750c1\" data-element_type=\"widget\" data-e-type=\"widget\" data-settings=\"{&quot;_animation&quot;:&quot;none&quot;}\" data-widget_type=\"image.default\">\n\t\t\t\t<div class=\"elementor-widget-container\">\n\t\t\t\t\t\t\t\t\t\t\t\t\t\t\t<img loading=\"lazy\" decoding=\"async\" width=\"838\" height=\"486\" src=\"https:\/\/lawlinguists.com\/wp-content\/uploads\/2025\/07\/Confidentiality_SPA.jpg\" class=\"attachment-large size-large wp-image-6233\" alt=\"\" srcset=\"https:\/\/lawlinguists.com\/wp-content\/uploads\/2025\/07\/Confidentiality_SPA.jpg 838w, https:\/\/lawlinguists.com\/wp-content\/uploads\/2025\/07\/Confidentiality_SPA-300x174.jpg 300w, https:\/\/lawlinguists.com\/wp-content\/uploads\/2025\/07\/Confidentiality_SPA-768x445.jpg 768w\" sizes=\"(max-width: 838px) 100vw, 838px\" \/>\t\t\t\t\t\t\t\t\t\t\t\t\t\t\t<\/div>\n\t\t\t\t<\/div>\n\t\t\t\t\t<\/div>\n\t\t\t\t<\/div>\n\t\t\t\t\t<\/div>\n\t\t<\/div>\n\t\t\t\t\t<\/div>\n\t\t<\/section>\n\t\t\t\t<\/div>\n\t\t","protected":false},"excerpt":{"rendered":"<p>Somos tu socio global C\u00f3mo trabajamos Algunos de nuestros clientes S\u00f3lo abogados<\/p>\n","protected":false},"author":15,"featured_media":0,"parent":0,"menu_order":0,"comment_status":"closed","ping_status":"closed","template":"","meta":{"footnotes":""},"class_list":["post-6222","page","type-page","status-publish","hentry"],"yoast_head":"<!-- This site is optimized with the Yoast SEO plugin v27.4 - https:\/\/yoast.com\/product\/yoast-seo-wordpress\/ -->\n<title>M\u00e9todo - Lawlinguists<\/title>\n<meta name=\"robots\" content=\"index, follow, max-snippet:-1, max-image-preview:large, max-video-preview:-1\" \/>\n<link rel=\"canonical\" href=\"https:\/\/lawlinguists.com\/es\/metodo\/\" \/>\n<meta property=\"og:locale\" content=\"es_ES\" \/>\n<meta property=\"og:type\" content=\"article\" \/>\n<meta property=\"og:title\" content=\"M\u00e9todo - Lawlinguists\" \/>\n<meta property=\"og:description\" content=\"Somos tu socio global C\u00f3mo trabajamos Algunos de nuestros clientes S\u00f3lo abogados\" \/>\n<meta property=\"og:url\" content=\"https:\/\/lawlinguists.com\/es\/metodo\/\" \/>\n<meta property=\"og:site_name\" content=\"Lawlinguists\" \/>\n<meta property=\"article:publisher\" content=\"https:\/\/www.facebook.com\/LawlinguistsTranslationAgency\/\" \/>\n<meta property=\"article:modified_time\" content=\"2025-08-06T16:21:49+00:00\" \/>\n<meta property=\"og:image\" content=\"https:\/\/lawlinguists.com\/wp-content\/uploads\/2020\/03\/nWg5BhTP.jpeg\" \/>\n\t<meta property=\"og:image:width\" content=\"1518\" \/>\n\t<meta property=\"og:image:height\" content=\"1920\" \/>\n\t<meta property=\"og:image:type\" content=\"image\/jpeg\" \/>\n<meta name=\"twitter:card\" content=\"summary_large_image\" \/>\n<meta name=\"twitter:site\" content=\"@Lawlinguists\" \/>\n<meta name=\"twitter:label1\" content=\"Tiempo de lectura\" \/>\n\t<meta name=\"twitter:data1\" content=\"2 minutos\" \/>\n<script type=\"application\/ld+json\" class=\"yoast-schema-graph\">{\"@context\":\"https:\\\/\\\/schema.org\",\"@graph\":[{\"@type\":\"WebPage\",\"@id\":\"https:\\\/\\\/lawlinguists.com\\\/es\\\/metodo\\\/\",\"url\":\"https:\\\/\\\/lawlinguists.com\\\/es\\\/metodo\\\/\",\"name\":\"M\u00e9todo - Lawlinguists\",\"isPartOf\":{\"@id\":\"https:\\\/\\\/lawlinguists.com\\\/#website\"},\"primaryImageOfPage\":{\"@id\":\"https:\\\/\\\/lawlinguists.com\\\/es\\\/metodo\\\/#primaryimage\"},\"image\":{\"@id\":\"https:\\\/\\\/lawlinguists.com\\\/es\\\/metodo\\\/#primaryimage\"},\"thumbnailUrl\":\"https:\\\/\\\/lawlinguists.com\\\/wp-content\\\/uploads\\\/2020\\\/03\\\/nWg5BhTP-768x971.jpeg\",\"datePublished\":\"2025-07-09T15:11:49+00:00\",\"dateModified\":\"2025-08-06T16:21:49+00:00\",\"breadcrumb\":{\"@id\":\"https:\\\/\\\/lawlinguists.com\\\/es\\\/metodo\\\/#breadcrumb\"},\"inLanguage\":\"es\",\"potentialAction\":[{\"@type\":\"ReadAction\",\"target\":[\"https:\\\/\\\/lawlinguists.com\\\/es\\\/metodo\\\/\"]}]},{\"@type\":\"ImageObject\",\"inLanguage\":\"es\",\"@id\":\"https:\\\/\\\/lawlinguists.com\\\/es\\\/metodo\\\/#primaryimage\",\"url\":\"https:\\\/\\\/lawlinguists.com\\\/wp-content\\\/uploads\\\/2020\\\/03\\\/nWg5BhTP-768x971.jpeg\",\"contentUrl\":\"https:\\\/\\\/lawlinguists.com\\\/wp-content\\\/uploads\\\/2020\\\/03\\\/nWg5BhTP-768x971.jpeg\"},{\"@type\":\"BreadcrumbList\",\"@id\":\"https:\\\/\\\/lawlinguists.com\\\/es\\\/metodo\\\/#breadcrumb\",\"itemListElement\":[{\"@type\":\"ListItem\",\"position\":1,\"name\":\"Lawlinguists\",\"item\":\"https:\\\/\\\/lawlinguists.com\\\/es\\\/home\\\/\"},{\"@type\":\"ListItem\",\"position\":2,\"name\":\"M\u00e9todo\"}]},{\"@type\":\"WebSite\",\"@id\":\"https:\\\/\\\/lawlinguists.com\\\/#website\",\"url\":\"https:\\\/\\\/lawlinguists.com\\\/\",\"name\":\"Lawlinguists\",\"description\":\"Because words can change clauses\",\"publisher\":{\"@id\":\"https:\\\/\\\/lawlinguists.com\\\/#organization\"},\"potentialAction\":[{\"@type\":\"SearchAction\",\"target\":{\"@type\":\"EntryPoint\",\"urlTemplate\":\"https:\\\/\\\/lawlinguists.com\\\/?s={search_term_string}\"},\"query-input\":{\"@type\":\"PropertyValueSpecification\",\"valueRequired\":true,\"valueName\":\"search_term_string\"}}],\"inLanguage\":\"es\"},{\"@type\":\"Organization\",\"@id\":\"https:\\\/\\\/lawlinguists.com\\\/#organization\",\"name\":\"Lawlinguists\",\"url\":\"https:\\\/\\\/lawlinguists.com\\\/\",\"logo\":{\"@type\":\"ImageObject\",\"inLanguage\":\"es\",\"@id\":\"https:\\\/\\\/lawlinguists.com\\\/#\\\/schema\\\/logo\\\/image\\\/\",\"url\":\"https:\\\/\\\/lawlinguists.com\\\/wp-content\\\/uploads\\\/2015\\\/11\\\/Lawlinguists.png\",\"contentUrl\":\"https:\\\/\\\/lawlinguists.com\\\/wp-content\\\/uploads\\\/2015\\\/11\\\/Lawlinguists.png\",\"width\":296,\"height\":115,\"caption\":\"Lawlinguists\"},\"image\":{\"@id\":\"https:\\\/\\\/lawlinguists.com\\\/#\\\/schema\\\/logo\\\/image\\\/\"},\"sameAs\":[\"https:\\\/\\\/www.facebook.com\\\/LawlinguistsTranslationAgency\\\/\",\"https:\\\/\\\/x.com\\\/Lawlinguists\",\"https:\\\/\\\/www.linkedin.com\\\/company\\\/lawlinguists-com?trk=tabs_biz_home\"]}]}<\/script>\n<!-- \/ Yoast SEO plugin. -->","yoast_head_json":{"title":"M\u00e9todo - Lawlinguists","robots":{"index":"index","follow":"follow","max-snippet":"max-snippet:-1","max-image-preview":"max-image-preview:large","max-video-preview":"max-video-preview:-1"},"canonical":"https:\/\/lawlinguists.com\/es\/metodo\/","og_locale":"es_ES","og_type":"article","og_title":"M\u00e9todo - Lawlinguists","og_description":"Somos tu socio global C\u00f3mo trabajamos Algunos de nuestros clientes S\u00f3lo abogados","og_url":"https:\/\/lawlinguists.com\/es\/metodo\/","og_site_name":"Lawlinguists","article_publisher":"https:\/\/www.facebook.com\/LawlinguistsTranslationAgency\/","article_modified_time":"2025-08-06T16:21:49+00:00","og_image":[{"width":1518,"height":1920,"url":"https:\/\/lawlinguists.com\/wp-content\/uploads\/2020\/03\/nWg5BhTP.jpeg","type":"image\/jpeg"}],"twitter_card":"summary_large_image","twitter_site":"@Lawlinguists","twitter_misc":{"Tiempo de lectura":"2 minutos"},"schema":{"@context":"https:\/\/schema.org","@graph":[{"@type":"WebPage","@id":"https:\/\/lawlinguists.com\/es\/metodo\/","url":"https:\/\/lawlinguists.com\/es\/metodo\/","name":"M\u00e9todo - Lawlinguists","isPartOf":{"@id":"https:\/\/lawlinguists.com\/#website"},"primaryImageOfPage":{"@id":"https:\/\/lawlinguists.com\/es\/metodo\/#primaryimage"},"image":{"@id":"https:\/\/lawlinguists.com\/es\/metodo\/#primaryimage"},"thumbnailUrl":"https:\/\/lawlinguists.com\/wp-content\/uploads\/2020\/03\/nWg5BhTP-768x971.jpeg","datePublished":"2025-07-09T15:11:49+00:00","dateModified":"2025-08-06T16:21:49+00:00","breadcrumb":{"@id":"https:\/\/lawlinguists.com\/es\/metodo\/#breadcrumb"},"inLanguage":"es","potentialAction":[{"@type":"ReadAction","target":["https:\/\/lawlinguists.com\/es\/metodo\/"]}]},{"@type":"ImageObject","inLanguage":"es","@id":"https:\/\/lawlinguists.com\/es\/metodo\/#primaryimage","url":"https:\/\/lawlinguists.com\/wp-content\/uploads\/2020\/03\/nWg5BhTP-768x971.jpeg","contentUrl":"https:\/\/lawlinguists.com\/wp-content\/uploads\/2020\/03\/nWg5BhTP-768x971.jpeg"},{"@type":"BreadcrumbList","@id":"https:\/\/lawlinguists.com\/es\/metodo\/#breadcrumb","itemListElement":[{"@type":"ListItem","position":1,"name":"Lawlinguists","item":"https:\/\/lawlinguists.com\/es\/home\/"},{"@type":"ListItem","position":2,"name":"M\u00e9todo"}]},{"@type":"WebSite","@id":"https:\/\/lawlinguists.com\/#website","url":"https:\/\/lawlinguists.com\/","name":"Lawlinguists","description":"Because words can change clauses","publisher":{"@id":"https:\/\/lawlinguists.com\/#organization"},"potentialAction":[{"@type":"SearchAction","target":{"@type":"EntryPoint","urlTemplate":"https:\/\/lawlinguists.com\/?s={search_term_string}"},"query-input":{"@type":"PropertyValueSpecification","valueRequired":true,"valueName":"search_term_string"}}],"inLanguage":"es"},{"@type":"Organization","@id":"https:\/\/lawlinguists.com\/#organization","name":"Lawlinguists","url":"https:\/\/lawlinguists.com\/","logo":{"@type":"ImageObject","inLanguage":"es","@id":"https:\/\/lawlinguists.com\/#\/schema\/logo\/image\/","url":"https:\/\/lawlinguists.com\/wp-content\/uploads\/2015\/11\/Lawlinguists.png","contentUrl":"https:\/\/lawlinguists.com\/wp-content\/uploads\/2015\/11\/Lawlinguists.png","width":296,"height":115,"caption":"Lawlinguists"},"image":{"@id":"https:\/\/lawlinguists.com\/#\/schema\/logo\/image\/"},"sameAs":["https:\/\/www.facebook.com\/LawlinguistsTranslationAgency\/","https:\/\/x.com\/Lawlinguists","https:\/\/www.linkedin.com\/company\/lawlinguists-com?trk=tabs_biz_home"]}]}},"featured_image_src":null,"featured_image_src_square":null,"_links":{"self":[{"href":"https:\/\/lawlinguists.com\/es\/wp-json\/wp\/v2\/pages\/6222","targetHints":{"allow":["GET"]}}],"collection":[{"href":"https:\/\/lawlinguists.com\/es\/wp-json\/wp\/v2\/pages"}],"about":[{"href":"https:\/\/lawlinguists.com\/es\/wp-json\/wp\/v2\/types\/page"}],"author":[{"embeddable":true,"href":"https:\/\/lawlinguists.com\/es\/wp-json\/wp\/v2\/users\/15"}],"replies":[{"embeddable":true,"href":"https:\/\/lawlinguists.com\/es\/wp-json\/wp\/v2\/comments?post=6222"}],"version-history":[{"count":0,"href":"https:\/\/lawlinguists.com\/es\/wp-json\/wp\/v2\/pages\/6222\/revisions"}],"wp:attachment":[{"href":"https:\/\/lawlinguists.com\/es\/wp-json\/wp\/v2\/media?parent=6222"}],"curies":[{"name":"wp","href":"https:\/\/api.w.org\/{rel}","templated":true}]}}