{"id":1416,"date":"2015-11-19T21:38:57","date_gmt":"2015-11-19T21:38:57","guid":{"rendered":"https:\/\/lawlinguists.com\/?page_id=1416&#038;lang=es"},"modified":"2015-12-06T19:11:35","modified_gmt":"2015-12-06T19:11:35","slug":"trabaja-con-nosotros","status":"publish","type":"page","link":"https:\/\/lawlinguists.com\/es\/trabaja-con-nosotros\/","title":{"rendered":"\u00danete a nosotros"},"content":{"rendered":"<p style=\"text-align: center;\">[parallax]\n[parallax_section id=&#8217;2&#8242; height=&#8217;200&#8242; content_position=&#8217;center&#8217;]\n[custom_font font_family=\u00bb font_size=&#8217;40&#8217; line_height=&#8217;40&#8217; font_style=\u00bb font_weight=&#8217;100&#8242; color=&#8217;#ffffff&#8217; text_decoration=\u00bb background_color=\u00bb padding=&#8217;0px&#8217; margin=&#8217;75px&#8217;]\n<h1><span style=\"color: #ffffff;\">Trabaja con nosotros<\/span><\/h1>\n[\/custom_font]\n[\/parallax_section]\n[separator type=&#8217;transparent&#8217; color=\u00bb thickness=\u00bb up=&#8217;25&#8217; down=&#8217;25&#8217;]\n[parallax_section id=&#8217;3&#8242; height=\u00bb content_position=&#8217;center&#8217;]\n<h2>\u00a1Estamos buscando nuevos colaboradores freelance<\/h2>\n<h2>para ampliar nuestra red de abogados\/traductores!<\/h2>\n[\/parallax_section]\n[separator type=&#8217;full_width&#8217; color=\u00bb thickness=\u00bb up=&#8217;35&#8217; down=&#8217;25&#8217;]\n[parallax_section id=&#8217;4&#8242; height=\u00bb content_position=&#8217;left&#8217;]\n[two_col_66_33_col1]\n[separator type=&#8217;transparent&#8217; color=\u00bb thickness=\u00bb up=&#8217;15&#8217; down=&#8217;15&#8217;]\n<h4>Requisitos:<\/h4>\n[separator type=&#8217;transparent&#8217; color=\u00bb thickness=\u00bb up=&#8217;5&#8242; down=&#8217;5&#8242;]\n<p>\u00b7 Estar inscrito en su colegio de abogados (de cualquier jurisdicci\u00f3n) con al menos 3 a\u00f1os de antig\u00fcedad<br \/>\n\u00b7 Encontrarse en ejercicio de la profesi\u00f3n<br \/>\n\u00b7 Poseer conocimientos ling\u00fc\u00edsticos de alto nivel acreditados<br \/>\n\u00b7 Tener experiencia en la traducci\u00f3n de textos jur\u00eddicos<\/p>\n[\/two_col_66_33_col1]\n[two_col_66_33_col2]\n[separator type=&#8217;transparent&#8217; color=\u00bb thickness=\u00bb up=&#8217;15&#8217; down=&#8217;15&#8217;]\n<p><img decoding=\"async\" class=\"alignleft wp-image-961\" title=\"Trabaja con nosotros y forma parte de la red de abogados\/traductores de Lawlinguists.\" src=\"https:\/\/lawlinguists.com\/wp-content\/uploads\/2015\/09\/iconLawyer2.jpg\" alt=\"Trabaja con nosotros y forma parte de la red de abogados\/traductores de Lawlinguists.\" width=\"120\" height=\"143\" \/><\/p>\n<p style=\"text-align: left;\">Para colaborar con Lawlinguists como abogado\/traductor freelance, env\u00edanos tu CV y una breve presentaci\u00f3n a\u00a0<a href=\"mailto:recruitment@lawlinguists.com\">recruitment@lawlinguists.com<\/a><\/p>\n[\/two_col_66_33_col2]\n<p>&nbsp;<\/p>\n<p><span style=\"line-height: 1.5;\">[\/parallax_section]<\/span><\/p>\n[separator type=&#8217;transparent&#8217; color=\u00bb thickness=\u00bb up=&#8217;15&#8217; down=&#8217;15&#8217;]\n[parallax_section id=&#8217;2&#8242; height=&#8217;200&#8242; content_position=&#8217;center&#8217;]\n[custom_font font_family=\u00bb font_size=&#8217;40&#8217; line_height=&#8217;40&#8217; font_style=\u00bb font_weight=&#8217;100&#8242; color=&#8217;#ffffff&#8217; text_decoration=\u00bb background_color=\u00bb padding=&#8217;0px&#8217; margin=&#8217;75px&#8217;] \u00bfC\u00f3mo funciona la Red?\u00a0[\/custom_font]\n[\/parallax_section]\n<p style=\"text-align: center;\">[separator type=&#8217;transparent&#8217; color=\u00bb thickness=\u00bb up=&#8217;20&#8217; down=&#8217;20&#8217;]\n<p style=\"text-align: center;\">[parallax_section id=&#8217;5&#8242; height=\u00bb content_position=&#8217;center&#8217;]\n<p style=\"text-align: center;\">[element_fade_in transition_delay=&#8217;0.2&#8242;]\n<p><a href=\"https:\/\/lawlinguists.com\/wp-content\/uploads\/2015\/11\/ONW_SPA-copia.jpg\"><img fetchpriority=\"high\" decoding=\"async\" class=\"alignnone wp-image-1484 size-full\" title=\"Trabaja con nosotros y forma parte de la red de abogados\/traductores de Lawlinguists.\" src=\"https:\/\/lawlinguists.com\/wp-content\/uploads\/2015\/11\/ONW_SPA-copia.jpg\" alt=\"Trabaja con nosotros y forma parte de la red de abogados\/traductores de Lawlinguists.\" width=\"1365\" height=\"404\" srcset=\"https:\/\/lawlinguists.com\/wp-content\/uploads\/2015\/11\/ONW_SPA-copia.jpg 1365w, https:\/\/lawlinguists.com\/wp-content\/uploads\/2015\/11\/ONW_SPA-copia-300x89.jpg 300w, https:\/\/lawlinguists.com\/wp-content\/uploads\/2015\/11\/ONW_SPA-copia-1024x303.jpg 1024w\" sizes=\"(max-width: 1365px) 100vw, 1365px\" \/><\/a><\/p>\n<p style=\"text-align: center;\">[\/element_fade_in]\n<p style=\"text-align: center;\">[\/parallax_section]\n<p style=\"text-align: center;\">[separator type=&#8217;transparent&#8217; color=\u00bb thickness=\u00bb up=&#8217;10&#8217; down=&#8217;10&#8217;]\n[\/parallax]\n","protected":false},"excerpt":{"rendered":"<p>[parallax] [parallax_section id=&#8217;2&#8242; height=&#8217;200&#8242; content_position=&#8217;center&#8217;] [custom_font font_family=\u00bb font_size=&#8217;40&#8217; line_height=&#8217;40&#8217; font_style=\u00bb font_weight=&#8217;100&#8242; color=&#8217;#ffffff&#8217; text_decoration=\u00bb background_color=\u00bb padding=&#8217;0px&#8217; margin=&#8217;75px&#8217;] Trabaja con nosotros [\/custom_font] [\/parallax_section] [separator type=&#8217;transparent&#8217; color=\u00bb thickness=\u00bb up=&#8217;25&#8217; down=&#8217;25&#8217;] [parallax_section id=&#8217;3&#8242; height=\u00bb content_position=&#8217;center&#8217;] \u00a1Estamos buscando nuevos colaboradores freelance para ampliar nuestra red de abogados\/traductores! [\/parallax_section] [separator type=&#8217;full_width&#8217;&#8230;<\/p>\n","protected":false},"author":4,"featured_media":0,"parent":0,"menu_order":0,"comment_status":"closed","ping_status":"closed","template":"full_width.php","meta":{"footnotes":""},"class_list":["post-1416","page","type-page","status-publish","hentry"],"yoast_head":"<!-- This site is optimized with the Yoast SEO plugin v27.3 - https:\/\/yoast.com\/product\/yoast-seo-wordpress\/ -->\n<title>Trabaja con nosotros. \u00danete a Lawlinguists<\/title>\n<meta name=\"description\" content=\"Trabaja con nosotros y forma parte de la red de abogados\/traductores m\u00e1s grande del mundo. \u00a1\u00danete a la agencia de traducci\u00f3n legal Lawlinguists!\" \/>\n<meta name=\"robots\" content=\"index, follow, max-snippet:-1, max-image-preview:large, max-video-preview:-1\" \/>\n<link rel=\"canonical\" href=\"https:\/\/lawlinguists.com\/work-with-us\/\" \/>\n<meta property=\"og:locale\" content=\"es_ES\" \/>\n<meta property=\"og:type\" content=\"article\" \/>\n<meta property=\"og:title\" content=\"Trabaja con nosotros. \u00danete a Lawlinguists\" \/>\n<meta property=\"og:description\" content=\"Trabaja con nosotros y forma parte de la red de abogados\/traductores m\u00e1s grande del mundo. \u00a1\u00danete a la agencia de traducci\u00f3n legal Lawlinguists!\" \/>\n<meta property=\"og:url\" content=\"https:\/\/lawlinguists.com\/work-with-us\/\" \/>\n<meta property=\"og:site_name\" content=\"Lawlinguists\" \/>\n<meta property=\"article:publisher\" content=\"https:\/\/www.facebook.com\/LawlinguistsTranslationAgency\/\" \/>\n<meta property=\"article:modified_time\" content=\"2015-12-06T19:11:35+00:00\" \/>\n<meta property=\"og:image\" content=\"https:\/\/lawlinguists.com\/wp-content\/uploads\/2015\/09\/iconLawyer2.jpg\" \/>\n<meta name=\"twitter:card\" content=\"summary_large_image\" \/>\n<meta name=\"twitter:site\" content=\"@Lawlinguists\" \/>\n<meta name=\"twitter:label1\" content=\"Tiempo de lectura\" \/>\n\t<meta name=\"twitter:data1\" content=\"2 minutos\" \/>\n<script type=\"application\/ld+json\" class=\"yoast-schema-graph\">{\"@context\":\"https:\\\/\\\/schema.org\",\"@graph\":[{\"@type\":\"WebPage\",\"@id\":\"https:\\\/\\\/lawlinguists.com\\\/work-with-us\\\/\",\"url\":\"https:\\\/\\\/lawlinguists.com\\\/work-with-us\\\/\",\"name\":\"Trabaja con nosotros. \u00danete a Lawlinguists\",\"isPartOf\":{\"@id\":\"https:\\\/\\\/lawlinguists.com\\\/#website\"},\"primaryImageOfPage\":{\"@id\":\"https:\\\/\\\/lawlinguists.com\\\/work-with-us\\\/#primaryimage\"},\"image\":{\"@id\":\"https:\\\/\\\/lawlinguists.com\\\/work-with-us\\\/#primaryimage\"},\"thumbnailUrl\":\"https:\\\/\\\/lawlinguists.com\\\/wp-content\\\/uploads\\\/2015\\\/09\\\/iconLawyer2.jpg\",\"datePublished\":\"2015-11-19T21:38:57+00:00\",\"dateModified\":\"2015-12-06T19:11:35+00:00\",\"description\":\"Trabaja con nosotros y forma parte de la red de abogados\\\/traductores m\u00e1s grande del mundo. \u00a1\u00danete a la agencia de traducci\u00f3n legal Lawlinguists!\",\"breadcrumb\":{\"@id\":\"https:\\\/\\\/lawlinguists.com\\\/work-with-us\\\/#breadcrumb\"},\"inLanguage\":\"es\",\"potentialAction\":[{\"@type\":\"ReadAction\",\"target\":[\"https:\\\/\\\/lawlinguists.com\\\/work-with-us\\\/\"]}]},{\"@type\":\"ImageObject\",\"inLanguage\":\"es\",\"@id\":\"https:\\\/\\\/lawlinguists.com\\\/work-with-us\\\/#primaryimage\",\"url\":\"https:\\\/\\\/lawlinguists.com\\\/wp-content\\\/uploads\\\/2015\\\/09\\\/iconLawyer2.jpg\",\"contentUrl\":\"https:\\\/\\\/lawlinguists.com\\\/wp-content\\\/uploads\\\/2015\\\/09\\\/iconLawyer2.jpg\"},{\"@type\":\"BreadcrumbList\",\"@id\":\"https:\\\/\\\/lawlinguists.com\\\/work-with-us\\\/#breadcrumb\",\"itemListElement\":[{\"@type\":\"ListItem\",\"position\":1,\"name\":\"Lawlinguists\",\"item\":\"https:\\\/\\\/lawlinguists.com\\\/es\\\/home\\\/\"},{\"@type\":\"ListItem\",\"position\":2,\"name\":\"\u00danete a nosotros\"}]},{\"@type\":\"WebSite\",\"@id\":\"https:\\\/\\\/lawlinguists.com\\\/#website\",\"url\":\"https:\\\/\\\/lawlinguists.com\\\/\",\"name\":\"Lawlinguists\",\"description\":\"Because words can change clauses\",\"publisher\":{\"@id\":\"https:\\\/\\\/lawlinguists.com\\\/#organization\"},\"potentialAction\":[{\"@type\":\"SearchAction\",\"target\":{\"@type\":\"EntryPoint\",\"urlTemplate\":\"https:\\\/\\\/lawlinguists.com\\\/?s={search_term_string}\"},\"query-input\":{\"@type\":\"PropertyValueSpecification\",\"valueRequired\":true,\"valueName\":\"search_term_string\"}}],\"inLanguage\":\"es\"},{\"@type\":\"Organization\",\"@id\":\"https:\\\/\\\/lawlinguists.com\\\/#organization\",\"name\":\"Lawlinguists\",\"url\":\"https:\\\/\\\/lawlinguists.com\\\/\",\"logo\":{\"@type\":\"ImageObject\",\"inLanguage\":\"es\",\"@id\":\"https:\\\/\\\/lawlinguists.com\\\/#\\\/schema\\\/logo\\\/image\\\/\",\"url\":\"https:\\\/\\\/lawlinguists.com\\\/wp-content\\\/uploads\\\/2015\\\/11\\\/Lawlinguists.png\",\"contentUrl\":\"https:\\\/\\\/lawlinguists.com\\\/wp-content\\\/uploads\\\/2015\\\/11\\\/Lawlinguists.png\",\"width\":296,\"height\":115,\"caption\":\"Lawlinguists\"},\"image\":{\"@id\":\"https:\\\/\\\/lawlinguists.com\\\/#\\\/schema\\\/logo\\\/image\\\/\"},\"sameAs\":[\"https:\\\/\\\/www.facebook.com\\\/LawlinguistsTranslationAgency\\\/\",\"https:\\\/\\\/x.com\\\/Lawlinguists\",\"https:\\\/\\\/www.linkedin.com\\\/company\\\/lawlinguists-com?trk=tabs_biz_home\"]}]}<\/script>\n<!-- \/ Yoast SEO plugin. -->","yoast_head_json":{"title":"Trabaja con nosotros. \u00danete a Lawlinguists","description":"Trabaja con nosotros y forma parte de la red de abogados\/traductores m\u00e1s grande del mundo. \u00a1\u00danete a la agencia de traducci\u00f3n legal Lawlinguists!","robots":{"index":"index","follow":"follow","max-snippet":"max-snippet:-1","max-image-preview":"max-image-preview:large","max-video-preview":"max-video-preview:-1"},"canonical":"https:\/\/lawlinguists.com\/work-with-us\/","og_locale":"es_ES","og_type":"article","og_title":"Trabaja con nosotros. \u00danete a Lawlinguists","og_description":"Trabaja con nosotros y forma parte de la red de abogados\/traductores m\u00e1s grande del mundo. \u00a1\u00danete a la agencia de traducci\u00f3n legal Lawlinguists!","og_url":"https:\/\/lawlinguists.com\/work-with-us\/","og_site_name":"Lawlinguists","article_publisher":"https:\/\/www.facebook.com\/LawlinguistsTranslationAgency\/","article_modified_time":"2015-12-06T19:11:35+00:00","og_image":[{"url":"https:\/\/lawlinguists.com\/wp-content\/uploads\/2015\/09\/iconLawyer2.jpg","type":"","width":"","height":""}],"twitter_card":"summary_large_image","twitter_site":"@Lawlinguists","twitter_misc":{"Tiempo de lectura":"2 minutos"},"schema":{"@context":"https:\/\/schema.org","@graph":[{"@type":"WebPage","@id":"https:\/\/lawlinguists.com\/work-with-us\/","url":"https:\/\/lawlinguists.com\/work-with-us\/","name":"Trabaja con nosotros. \u00danete a Lawlinguists","isPartOf":{"@id":"https:\/\/lawlinguists.com\/#website"},"primaryImageOfPage":{"@id":"https:\/\/lawlinguists.com\/work-with-us\/#primaryimage"},"image":{"@id":"https:\/\/lawlinguists.com\/work-with-us\/#primaryimage"},"thumbnailUrl":"https:\/\/lawlinguists.com\/wp-content\/uploads\/2015\/09\/iconLawyer2.jpg","datePublished":"2015-11-19T21:38:57+00:00","dateModified":"2015-12-06T19:11:35+00:00","description":"Trabaja con nosotros y forma parte de la red de abogados\/traductores m\u00e1s grande del mundo. \u00a1\u00danete a la agencia de traducci\u00f3n legal Lawlinguists!","breadcrumb":{"@id":"https:\/\/lawlinguists.com\/work-with-us\/#breadcrumb"},"inLanguage":"es","potentialAction":[{"@type":"ReadAction","target":["https:\/\/lawlinguists.com\/work-with-us\/"]}]},{"@type":"ImageObject","inLanguage":"es","@id":"https:\/\/lawlinguists.com\/work-with-us\/#primaryimage","url":"https:\/\/lawlinguists.com\/wp-content\/uploads\/2015\/09\/iconLawyer2.jpg","contentUrl":"https:\/\/lawlinguists.com\/wp-content\/uploads\/2015\/09\/iconLawyer2.jpg"},{"@type":"BreadcrumbList","@id":"https:\/\/lawlinguists.com\/work-with-us\/#breadcrumb","itemListElement":[{"@type":"ListItem","position":1,"name":"Lawlinguists","item":"https:\/\/lawlinguists.com\/es\/home\/"},{"@type":"ListItem","position":2,"name":"\u00danete a nosotros"}]},{"@type":"WebSite","@id":"https:\/\/lawlinguists.com\/#website","url":"https:\/\/lawlinguists.com\/","name":"Lawlinguists","description":"Because words can change clauses","publisher":{"@id":"https:\/\/lawlinguists.com\/#organization"},"potentialAction":[{"@type":"SearchAction","target":{"@type":"EntryPoint","urlTemplate":"https:\/\/lawlinguists.com\/?s={search_term_string}"},"query-input":{"@type":"PropertyValueSpecification","valueRequired":true,"valueName":"search_term_string"}}],"inLanguage":"es"},{"@type":"Organization","@id":"https:\/\/lawlinguists.com\/#organization","name":"Lawlinguists","url":"https:\/\/lawlinguists.com\/","logo":{"@type":"ImageObject","inLanguage":"es","@id":"https:\/\/lawlinguists.com\/#\/schema\/logo\/image\/","url":"https:\/\/lawlinguists.com\/wp-content\/uploads\/2015\/11\/Lawlinguists.png","contentUrl":"https:\/\/lawlinguists.com\/wp-content\/uploads\/2015\/11\/Lawlinguists.png","width":296,"height":115,"caption":"Lawlinguists"},"image":{"@id":"https:\/\/lawlinguists.com\/#\/schema\/logo\/image\/"},"sameAs":["https:\/\/www.facebook.com\/LawlinguistsTranslationAgency\/","https:\/\/x.com\/Lawlinguists","https:\/\/www.linkedin.com\/company\/lawlinguists-com?trk=tabs_biz_home"]}]}},"featured_image_src":null,"featured_image_src_square":null,"_links":{"self":[{"href":"https:\/\/lawlinguists.com\/es\/wp-json\/wp\/v2\/pages\/1416","targetHints":{"allow":["GET"]}}],"collection":[{"href":"https:\/\/lawlinguists.com\/es\/wp-json\/wp\/v2\/pages"}],"about":[{"href":"https:\/\/lawlinguists.com\/es\/wp-json\/wp\/v2\/types\/page"}],"author":[{"embeddable":true,"href":"https:\/\/lawlinguists.com\/es\/wp-json\/wp\/v2\/users\/4"}],"replies":[{"embeddable":true,"href":"https:\/\/lawlinguists.com\/es\/wp-json\/wp\/v2\/comments?post=1416"}],"version-history":[{"count":0,"href":"https:\/\/lawlinguists.com\/es\/wp-json\/wp\/v2\/pages\/1416\/revisions"}],"wp:attachment":[{"href":"https:\/\/lawlinguists.com\/es\/wp-json\/wp\/v2\/media?parent=1416"}],"curies":[{"name":"wp","href":"https:\/\/api.w.org\/{rel}","templated":true}]}}