{"id":1410,"date":"2015-11-19T21:25:42","date_gmt":"2015-11-19T21:25:42","guid":{"rendered":"https:\/\/lawlinguists.com\/?page_id=1410&#038;lang=es"},"modified":"2015-12-03T18:22:57","modified_gmt":"2015-12-03T18:22:57","slug":"faq","status":"publish","type":"page","link":"https:\/\/lawlinguists.com\/es\/faq\/","title":{"rendered":"FAQ"},"content":{"rendered":"<p style=\"text-align: center;\">[parallax]\n[parallax_section id=&#8217;2&#8242; height=&#8217;200&#8242; content_position=&#8217;center&#8217;]\n[custom_font font_family=\u00bb font_size=&#8217;40&#8217; line_height=&#8217;40&#8217; font_style=\u00bb font_weight=&#8217;100&#8242; color=&#8217;#ffffff&#8217; text_decoration=\u00bb background_color=\u00bb padding=&#8217;0px&#8217; margin=&#8217;75px&#8217;] FAQ\u00a0[\/custom_font]\n[\/parallax_section]\n[separator type=&#8217;transparent&#8217; color=\u00bb thickness=\u00bb up=&#8217;25&#8217; down=&#8217;25&#8217;]\n[parallax_section id=&#8217;3&#8242; height=\u00bb content_position=&#8217;left&#8217;]\n[accordion accordion_type=&#8217;toggle&#8217;]\n[accordion_item caption=\u00bb\u00bfQu\u00e9 es Lawlinguists?\u00bb title_color=\u00bb]\n<p>Lawlinguists es una red internacional formada exclusivamente por abogados multiling\u00fces capaz de ofrecer un servicio de traducci\u00f3n y revisi\u00f3n de documentos legales en m\u00e1s de 100 combinaciones ling\u00fc\u00edsticas.<\/p>\n[\/accordion_item]\n[accordion_item caption=\u00bb\u00bfQu\u00e9 tipos de textos traducen?\u00bb title_color=\u00bb]\n<p>Los abogados de nuestra red traducen cualquier documento jur\u00eddico (contratos, sentencias, actuaciones procesales, textos normativos, art\u00edculos jur\u00eddicos, dict\u00e1menes), en particular en materia de contratos, propiedad industrial, derecho mercantil y societario, derecho de la competencia, F&amp;A, derecho tributario, derecho administrativo y contencioso.<\/p>\n<p><i>En el apartado FAQ encontrar\u00e1s respuestas a preguntas generales. Si la informaci\u00f3n que est\u00e1s buscando no se encuentra aqu\u00ed, por favor no dudes en escribirnos. \u00a1Muchas gracias!<\/i><\/p>\n[\/accordion_item]\n[accordion_item caption=\u00bb\u00bfConforme a qu\u00e9 criterios seleccionan a sus abogados\/traductores?\u00bb title_color=\u00bb]\n<p>Todos los colaboradores de Lawlinguists son abogados habilitados en su lengua materna, poseen conocimientos acreditados, tienen una dilatada experiencia tanto en el ejercicio de la abogac\u00eda como en la traducci\u00f3n jur\u00eddica y traducen solamente hacia la lengua en la que ejercen como abogados.<\/p>\n[\/accordion_item]\n[accordion_item caption=\u00bb\u00bfCu\u00e1l es su horario de oficina?\u00bb title_color=\u00bb]\n<p>El personal de Lawlinguists est\u00e1 a su disposici\u00f3n de 9:00 a 19:30 CET (Par\u00eds, Berl\u00edn, Mil\u00e1n). Los eventuales pedidos urgentes pueden gestionarse incluso fuera de dicho horario, enviando un correo electr\u00f3nico a <a href=\"mailto:info@lawlinguists.com\">info@lawlinguists.com<\/a>.<\/p>\n[\/accordion_item]\n[accordion_item caption=\u00bb\u00bfCu\u00e1les son sus plazos de entrega?\u00bb title_color=\u00bb]\n<p>Garantizamos como est\u00e1ndar la entrega de 3.500 palabras por d\u00eda, pero en el caso de pedidos urgentes podemos gestionar hasta 30.000 palabras. A este plazo normalmente hay que a\u00f1adir un d\u00eda de revisi\u00f3n.<\/p>\n[\/accordion_item]\n[accordion_item caption=\u00bb\u00bfPueden traducir un contrato de 200 p\u00e1ginas en 3 d\u00edas?\u00bb title_color=\u00bb]\n<p>S\u00ed.<\/p>\n[\/accordion_item]\n[accordion_item caption=\u00bb\u00bfCu\u00e1nto cuesta?\u00bb title_color=\u00bb]\n<p>Las tarifas de Lawlinguists por nuestro servicio de traducci\u00f3n y revisi\u00f3n jur\u00eddica se basan en el n\u00famero de palabras del texto de origen. En caso de trabajos especialmente urgentes se contempla la aplicaci\u00f3n de un suplemento.<\/p>\n[\/accordion_item]\n[accordion_item caption=\u00bb\u00bfC\u00f3mo puedo solicitar un presupuesto gratuito?\u00bb title_color=\u00bb]\n<p>Es posible solicitar un presupuesto marcando \u00ab<a href=\"https:\/\/lawlinguists.com\/?p=1414&amp;lang=es\">solicita un presupuesto<\/a>\u00bb y rellenando el formulario online, o escribiendo a <a href=\"mailto:info@lawlinguists.com\">info@lawlinguists.com<\/a>. Responderemos en 60 minutos a la solicitud si se produce dentro de nuestro horario de oficina.<\/p>\n[\/accordion_item]\n[accordion_item caption=\u00bb\u00bfCu\u00e1les son las modalidades y plazos de pago?\u00bb title_color=\u00bb]\n<p>El pago de nuestras traducciones puede efectuarse tras la entrega de la propia traducci\u00f3n, mediante transferencia bancaria.<br \/>\nPara las sociedades y despachos de abogados de nuestra clientela se podr\u00e1n a su vez acordar, convini\u00e9ndolo expresamente, plazos de pago ajustados a sus necesidades espec\u00edficas.<\/p>\n[\/accordion_item]\n[accordion_item caption=\u00bb\u00bfC\u00f3mo garantizan la confidencialidad de los documentos enviados?\u00bb title_color=\u00bb]\n<p>Sus documentos estar\u00e1n protegidos por:<\/p>\n<ul>\n<li>Un acuerdo de confidencialidad<\/li>\n<li>La ausencia de referencias en el documento que el abogado\/traductor recibe: todos los datos se a\u00f1aden solamente en el momento de la entrega al cliente<\/li>\n<li>Normas deontol\u00f3gicas en materia de secreto profesional de los pa\u00edses en los que se encuentran inscritos los abogados\/traductores<\/li>\n<\/ul>\n[\/accordion_item]\n[accordion_item caption=\u00bb\u00bfPor qu\u00e9 escoger Lawlinguists?\u00bb title_color=\u00bb]\n<p>Para tener la calidad superior de un abogado al mismo precio que el servicio de una agencia de traducci\u00f3n normal.<\/p>\n[\/accordion_item]\n[accordion_item caption=\u00bb\u00bfQu\u00e9 debo hacer para colaborar con Lawlinguists?\u00bb title_color=\u00bb]\n<p>Basta enviar una candidatura espont\u00e1nea desde la p\u00e1gina <a href=\"https:\/\/lawlinguists.com\/?p=1416&amp;lang=es\">Trabaja con nosotros<\/a>.<\/p>\n[\/accordion_item]\n[\/accordion]\n[\/parallax_section]\n[\/parallax]\n","protected":false},"excerpt":{"rendered":"<p>[parallax] [parallax_section id=&#8217;2&#8242; height=&#8217;200&#8242; content_position=&#8217;center&#8217;] [custom_font font_family=\u00bb font_size=&#8217;40&#8217; line_height=&#8217;40&#8217; font_style=\u00bb font_weight=&#8217;100&#8242; color=&#8217;#ffffff&#8217; text_decoration=\u00bb background_color=\u00bb padding=&#8217;0px&#8217; margin=&#8217;75px&#8217;] FAQ\u00a0[\/custom_font] [\/parallax_section] [separator type=&#8217;transparent&#8217; color=\u00bb thickness=\u00bb up=&#8217;25&#8217; down=&#8217;25&#8217;] [parallax_section id=&#8217;3&#8242; height=\u00bb content_position=&#8217;left&#8217;] [accordion accordion_type=&#8217;toggle&#8217;] [accordion_item caption=\u00bb\u00bfQu\u00e9 es Lawlinguists?\u00bb title_color=\u00bb] Lawlinguists es una red internacional formada exclusivamente por abogados multiling\u00fces&#8230;<\/p>\n","protected":false},"author":4,"featured_media":0,"parent":0,"menu_order":0,"comment_status":"closed","ping_status":"closed","template":"full_width.php","meta":{"footnotes":""},"class_list":["post-1410","page","type-page","status-publish","hentry"],"yoast_head":"<!-- This site is optimized with the Yoast SEO plugin v27.3 - https:\/\/yoast.com\/product\/yoast-seo-wordpress\/ -->\n<title>FAQ \u2013 Preguntas frecuentes Lawlinguists<\/title>\n<meta name=\"description\" content=\"Consulta nuestras preguntas frecuentes, FAQ, y resuelve tus dudas sobre nuestros servicios de traducciones legales y nuestra red de abogados\/traductores.\" \/>\n<meta name=\"robots\" content=\"index, follow, max-snippet:-1, max-image-preview:large, max-video-preview:-1\" \/>\n<link rel=\"canonical\" href=\"https:\/\/lawlinguists.com\/faq\/\" \/>\n<meta property=\"og:locale\" content=\"es_ES\" \/>\n<meta property=\"og:type\" content=\"article\" \/>\n<meta property=\"og:title\" content=\"FAQ \u2013 Preguntas frecuentes Lawlinguists\" \/>\n<meta property=\"og:description\" content=\"Consulta nuestras preguntas frecuentes, FAQ, y resuelve tus dudas sobre nuestros servicios de traducciones legales y nuestra red de abogados\/traductores.\" \/>\n<meta property=\"og:url\" content=\"https:\/\/lawlinguists.com\/faq\/\" \/>\n<meta property=\"og:site_name\" content=\"Lawlinguists\" \/>\n<meta property=\"article:publisher\" content=\"https:\/\/www.facebook.com\/LawlinguistsTranslationAgency\/\" \/>\n<meta property=\"article:modified_time\" content=\"2015-12-03T18:22:57+00:00\" \/>\n<meta name=\"twitter:card\" content=\"summary_large_image\" \/>\n<meta name=\"twitter:site\" content=\"@Lawlinguists\" \/>\n<meta name=\"twitter:label1\" content=\"Tiempo de lectura\" \/>\n\t<meta name=\"twitter:data1\" content=\"4 minutos\" \/>\n<script type=\"application\/ld+json\" class=\"yoast-schema-graph\">{\"@context\":\"https:\\\/\\\/schema.org\",\"@graph\":[{\"@type\":\"WebPage\",\"@id\":\"https:\\\/\\\/lawlinguists.com\\\/faq\\\/\",\"url\":\"https:\\\/\\\/lawlinguists.com\\\/faq\\\/\",\"name\":\"FAQ \u2013 Preguntas frecuentes Lawlinguists\",\"isPartOf\":{\"@id\":\"https:\\\/\\\/lawlinguists.com\\\/#website\"},\"datePublished\":\"2015-11-19T21:25:42+00:00\",\"dateModified\":\"2015-12-03T18:22:57+00:00\",\"description\":\"Consulta nuestras preguntas frecuentes, FAQ, y resuelve tus dudas sobre nuestros servicios de traducciones legales y nuestra red de abogados\\\/traductores.\",\"breadcrumb\":{\"@id\":\"https:\\\/\\\/lawlinguists.com\\\/faq\\\/#breadcrumb\"},\"inLanguage\":\"es\",\"potentialAction\":[{\"@type\":\"ReadAction\",\"target\":[\"https:\\\/\\\/lawlinguists.com\\\/faq\\\/\"]}]},{\"@type\":\"BreadcrumbList\",\"@id\":\"https:\\\/\\\/lawlinguists.com\\\/faq\\\/#breadcrumb\",\"itemListElement\":[{\"@type\":\"ListItem\",\"position\":1,\"name\":\"Lawlinguists\",\"item\":\"https:\\\/\\\/lawlinguists.com\\\/es\\\/home\\\/\"},{\"@type\":\"ListItem\",\"position\":2,\"name\":\"FAQ\"}]},{\"@type\":\"WebSite\",\"@id\":\"https:\\\/\\\/lawlinguists.com\\\/#website\",\"url\":\"https:\\\/\\\/lawlinguists.com\\\/\",\"name\":\"Lawlinguists\",\"description\":\"Because words can change clauses\",\"publisher\":{\"@id\":\"https:\\\/\\\/lawlinguists.com\\\/#organization\"},\"potentialAction\":[{\"@type\":\"SearchAction\",\"target\":{\"@type\":\"EntryPoint\",\"urlTemplate\":\"https:\\\/\\\/lawlinguists.com\\\/?s={search_term_string}\"},\"query-input\":{\"@type\":\"PropertyValueSpecification\",\"valueRequired\":true,\"valueName\":\"search_term_string\"}}],\"inLanguage\":\"es\"},{\"@type\":\"Organization\",\"@id\":\"https:\\\/\\\/lawlinguists.com\\\/#organization\",\"name\":\"Lawlinguists\",\"url\":\"https:\\\/\\\/lawlinguists.com\\\/\",\"logo\":{\"@type\":\"ImageObject\",\"inLanguage\":\"es\",\"@id\":\"https:\\\/\\\/lawlinguists.com\\\/#\\\/schema\\\/logo\\\/image\\\/\",\"url\":\"https:\\\/\\\/lawlinguists.com\\\/wp-content\\\/uploads\\\/2015\\\/11\\\/Lawlinguists.png\",\"contentUrl\":\"https:\\\/\\\/lawlinguists.com\\\/wp-content\\\/uploads\\\/2015\\\/11\\\/Lawlinguists.png\",\"width\":296,\"height\":115,\"caption\":\"Lawlinguists\"},\"image\":{\"@id\":\"https:\\\/\\\/lawlinguists.com\\\/#\\\/schema\\\/logo\\\/image\\\/\"},\"sameAs\":[\"https:\\\/\\\/www.facebook.com\\\/LawlinguistsTranslationAgency\\\/\",\"https:\\\/\\\/x.com\\\/Lawlinguists\",\"https:\\\/\\\/www.linkedin.com\\\/company\\\/lawlinguists-com?trk=tabs_biz_home\"]}]}<\/script>\n<!-- \/ Yoast SEO plugin. -->","yoast_head_json":{"title":"FAQ \u2013 Preguntas frecuentes Lawlinguists","description":"Consulta nuestras preguntas frecuentes, FAQ, y resuelve tus dudas sobre nuestros servicios de traducciones legales y nuestra red de abogados\/traductores.","robots":{"index":"index","follow":"follow","max-snippet":"max-snippet:-1","max-image-preview":"max-image-preview:large","max-video-preview":"max-video-preview:-1"},"canonical":"https:\/\/lawlinguists.com\/faq\/","og_locale":"es_ES","og_type":"article","og_title":"FAQ \u2013 Preguntas frecuentes Lawlinguists","og_description":"Consulta nuestras preguntas frecuentes, FAQ, y resuelve tus dudas sobre nuestros servicios de traducciones legales y nuestra red de abogados\/traductores.","og_url":"https:\/\/lawlinguists.com\/faq\/","og_site_name":"Lawlinguists","article_publisher":"https:\/\/www.facebook.com\/LawlinguistsTranslationAgency\/","article_modified_time":"2015-12-03T18:22:57+00:00","twitter_card":"summary_large_image","twitter_site":"@Lawlinguists","twitter_misc":{"Tiempo de lectura":"4 minutos"},"schema":{"@context":"https:\/\/schema.org","@graph":[{"@type":"WebPage","@id":"https:\/\/lawlinguists.com\/faq\/","url":"https:\/\/lawlinguists.com\/faq\/","name":"FAQ \u2013 Preguntas frecuentes Lawlinguists","isPartOf":{"@id":"https:\/\/lawlinguists.com\/#website"},"datePublished":"2015-11-19T21:25:42+00:00","dateModified":"2015-12-03T18:22:57+00:00","description":"Consulta nuestras preguntas frecuentes, FAQ, y resuelve tus dudas sobre nuestros servicios de traducciones legales y nuestra red de abogados\/traductores.","breadcrumb":{"@id":"https:\/\/lawlinguists.com\/faq\/#breadcrumb"},"inLanguage":"es","potentialAction":[{"@type":"ReadAction","target":["https:\/\/lawlinguists.com\/faq\/"]}]},{"@type":"BreadcrumbList","@id":"https:\/\/lawlinguists.com\/faq\/#breadcrumb","itemListElement":[{"@type":"ListItem","position":1,"name":"Lawlinguists","item":"https:\/\/lawlinguists.com\/es\/home\/"},{"@type":"ListItem","position":2,"name":"FAQ"}]},{"@type":"WebSite","@id":"https:\/\/lawlinguists.com\/#website","url":"https:\/\/lawlinguists.com\/","name":"Lawlinguists","description":"Because words can change clauses","publisher":{"@id":"https:\/\/lawlinguists.com\/#organization"},"potentialAction":[{"@type":"SearchAction","target":{"@type":"EntryPoint","urlTemplate":"https:\/\/lawlinguists.com\/?s={search_term_string}"},"query-input":{"@type":"PropertyValueSpecification","valueRequired":true,"valueName":"search_term_string"}}],"inLanguage":"es"},{"@type":"Organization","@id":"https:\/\/lawlinguists.com\/#organization","name":"Lawlinguists","url":"https:\/\/lawlinguists.com\/","logo":{"@type":"ImageObject","inLanguage":"es","@id":"https:\/\/lawlinguists.com\/#\/schema\/logo\/image\/","url":"https:\/\/lawlinguists.com\/wp-content\/uploads\/2015\/11\/Lawlinguists.png","contentUrl":"https:\/\/lawlinguists.com\/wp-content\/uploads\/2015\/11\/Lawlinguists.png","width":296,"height":115,"caption":"Lawlinguists"},"image":{"@id":"https:\/\/lawlinguists.com\/#\/schema\/logo\/image\/"},"sameAs":["https:\/\/www.facebook.com\/LawlinguistsTranslationAgency\/","https:\/\/x.com\/Lawlinguists","https:\/\/www.linkedin.com\/company\/lawlinguists-com?trk=tabs_biz_home"]}]}},"featured_image_src":null,"featured_image_src_square":null,"_links":{"self":[{"href":"https:\/\/lawlinguists.com\/es\/wp-json\/wp\/v2\/pages\/1410","targetHints":{"allow":["GET"]}}],"collection":[{"href":"https:\/\/lawlinguists.com\/es\/wp-json\/wp\/v2\/pages"}],"about":[{"href":"https:\/\/lawlinguists.com\/es\/wp-json\/wp\/v2\/types\/page"}],"author":[{"embeddable":true,"href":"https:\/\/lawlinguists.com\/es\/wp-json\/wp\/v2\/users\/4"}],"replies":[{"embeddable":true,"href":"https:\/\/lawlinguists.com\/es\/wp-json\/wp\/v2\/comments?post=1410"}],"version-history":[{"count":0,"href":"https:\/\/lawlinguists.com\/es\/wp-json\/wp\/v2\/pages\/1410\/revisions"}],"wp:attachment":[{"href":"https:\/\/lawlinguists.com\/es\/wp-json\/wp\/v2\/media?parent=1410"}],"curies":[{"name":"wp","href":"https:\/\/api.w.org\/{rel}","templated":true}]}}