{"id":1552,"date":"2015-11-23T16:56:37","date_gmt":"2015-11-23T16:56:37","guid":{"rendered":"https:\/\/lawlinguists.com\/?page_id=1552&#038;lang=de"},"modified":"2017-03-22T10:35:39","modified_gmt":"2017-03-22T10:35:39","slug":"faq","status":"publish","type":"page","link":"https:\/\/lawlinguists.com\/de\/faq\/","title":{"rendered":"FAQ"},"content":{"rendered":"<p style=\"text-align: center;\">[parallax]\n[parallax_section id=&#8217;2&#8242; height=&#8217;200&#8242; content_position=&#8217;center&#8216;]\n[custom_font font_family=&#8220; font_size=&#8217;40&#8216; line_height=&#8217;40&#8216; font_style=&#8220; font_weight=&#8217;100&#8242; color=&#8217;#ffffff&#8216; text_decoration=&#8220; background_color=&#8220; padding=&#8217;0px&#8216; margin=&#8217;75px&#8216;] FAQ\u00a0[\/custom_font]\n[\/parallax_section]\n[separator type=&#8217;transparent&#8216; color=&#8220; thickness=&#8220; up=&#8217;25&#8216; down=&#8217;25&#8216;]\n[parallax_section id=&#8217;3&#8242; height=&#8220; content_position=&#8217;left&#8216;]\n[accordion accordion_type=&#8217;toggle&#8216;]\n[accordion_item caption=&#8220;Wer ist Lawlinguists?&#8220; title_color=&#8220;]\n<p>Lawlinguists ist ein internationales Netzwerk von mehrsprachigen Anw\u00e4lten, das \u00dcbersetzungen und sprachliche \u00dcberarbeitungen von juristischen Texten in \u00fcber 100 Sprachkombinationen anbietet.<\/p>\n[\/accordion_item]\n[accordion_item caption=&#8220;Welche Dokumente werden \u00fcbersetzt?&#8220; title_color=&#8220;]\n<p>Die Anw\u00e4lte unseres Netzwerks \u00fcbersetzen jedwedes juristisches Dokument (Vertr\u00e4ge, Urteile, Schrifts\u00e4tze, Verordnungen und Gesetze), insbesondere im Bereich Vertragsrecht, Immobilienrecht, Handels- und Gesellschaftsrecht, Geistiges Eigentum, Kartellrecht, M&amp;A, Steuerrecht und Verwaltungsrecht.<\/p>\n[\/accordion_item]\n[accordion_item caption=&#8220;Nach welchen Kriterien werden die Anw\u00e4lte ausgew\u00e4hlt, die die \u00dcbersetzungen erstellen?&#8220; title_color=&#8220;]\n<p>Alle Anw\u00e4lte, die mit Lawlinguists zusammenarbeiten, sind als Anw\u00e4lte im Land ihrer Muttersprache zugelassen, haben nachgewiesene Kenntnisse in einer oder mehreren anderen Sprachen und verf\u00fcgen \u00fcber eine mehrj\u00e4hrige Erfahrung sowohl hinsichtlich der juristischen Arbeit als auch der \u00dcbersetzungst\u00e4tigkeit. \u00dcbersetzungen werden stets nur von Anw\u00e4lten ausgef\u00fchrt, die im Land der Zielsprache als Anwalt arbeiten.<\/p>\n[\/accordion_item]\n[accordion_item caption=&#8220;Was sind die Gesch\u00e4ftszeiten von Lawlinguists?&#8220; title_color=&#8220;]\n<p>Die Mitarbeiter von Lawlinguists stehen Ihnen von Montag bis Freitag von 9:00 Uhr bis 19:30 Uhr MEZ (Paris, Berlin, Mailand) und Samstags von 9:00 Uhr bis 18:00 Uhr zur Verf\u00fcgung. Eilige Anfragen k\u00f6nnen auch au\u00dferhalb der Gesch\u00e4ftszeiten per E-Mail an <a href=\"mailto:kontakt@lawlinguists.com\">kontakt@lawlinguists.com<\/a> gestellt werden.<\/p>\n[\/accordion_item]\n[accordion_item caption=&#8220;Wie lange dauert eine \u00dcbersetzung?&#8220; title_color=&#8220;]\n<p>Eine \u00dcbersetzung von 3500 W\u00f6rtern pro Tag ist problemlos m\u00f6glich. Auf Anfrage k\u00f6nnen aber auch bis zu 30.000 W\u00f6rter pro Tag \u00fcbersetzt werden. Zus\u00e4tzlich wird f\u00fcr gew\u00f6hnlich ein weiterer Tag zur Kontrolle ben\u00f6tigt.<\/p>\n[\/accordion_item]\n[accordion_item caption=&#8220;Ist es Lawlinguists m\u00f6glich 200 Seiten in 3 Tagen zu \u00fcbersetzen?&#8220; title_color=&#8220;]\n<p>Ja.<\/p>\n[\/accordion_item]\n[accordion_item caption=&#8220;Was kostet das?&#8220; title_color=&#8220;]\n<p>Falls eine besonders schnelle \u00dcbersetzung gew\u00fcnscht wird, wird eventuell ein Eilzuschlag erhoben, \u00fcber den Sie vorab informiert werden.<\/p>\n[\/accordion_item]\n[accordion_item caption=&#8220;Wie kann ich ein unverbindliches Angebot anfordern?&#8220; title_color=&#8220;]\n<p>Ein Angebot kann durch Auswahl des Buttons &#8222;<a href=\"https:\/\/lawlinguists.com\/de\/kostenvoranschlag\/\">Kostenvoranschlag<\/a>&#8220; und Ausf\u00fcllen des entsprechenden Formulars oder mittels E-Mail an <a href=\"mailto:kontakt@lawlinguists.com\">kontakt@lawlinguists.com<\/a> angefordert werden. W\u00e4hrend der Gesch\u00e4ftszeiten erhalten Sie binnen 60 Minuten eine Antwort.<\/p>\n[\/accordion_item]\n[accordion_item caption=&#8220;Was sind die Zahlungsbedingungen?&#8220; title_color=&#8220;]\n<p>Die \u00dcbersetzungen k\u00f6nnen nach Erhalt der jeweiligen \u00dcbersetzung per \u00dcberweisung bezahlt werden. Es ist jedoch auch m\u00f6glich, individuelle Zahlungsmodalit\u00e4ten zu vereinbaren, um diese an Ihre W\u00fcnsche anzupassen.<\/p>\n[\/accordion_item]\n[accordion_item caption=&#8220;Werden die \u00dcbersetzungen vertraulich behandelt?&#8220; title_color=&#8220;]\n<p>Die Vertraulichkeit der \u00dcbersetzungen wird gewahrt durch:<\/p>\n<ul>\n<li>eine Geheimhaltungsvereinbarung<\/li>\n<li>die Anonymisierung aller zu \u00fcbersetzenden Texte vor Weitergabe derselben an die Anw\u00e4lte, die die \u00dcbersetzung erstellen<\/li>\n<li>die anwaltliche Geheimhaltungspflicht, der alle Anw\u00e4lte nach den jeweiligen nationalen Gesetzen unterliegen<\/li>\n<\/ul>\n[\/accordion_item]\n[accordion_item caption=&#8220;Was macht Lawlinguists so einzigartig?&#8220; title_color=&#8220;]\n<p>Wir liefern Ihnen \u00dcbersetzungen h\u00f6chster juristischer Pr\u00e4zision. Diese k\u00f6nnen wir durch unser gro\u00dfes Netzwerk von Spezialisten gew\u00e4hrleisten. Ihre Daten und Dokumente werden mit \u00e4u\u00dferster Vertraulichkeit und Sorgfalt behandelt und wir versichern Ihnen, stets L\u00f6sungen f\u00fcr Ihre W\u00fcnschen zu finden.<\/p>\n[\/accordion_item]\n[accordion_item caption=&#8220;Kann ich mich bei Lawlinguists bewerben?&#8220; title_color=&#8220;]\n<p>Informationen hierzu finden Sie unter\u00a0<a href=\"https:\/\/lawlinguists.com\/?p=1558&amp;lang=de\">Karriere<\/a>.<\/p>\n[\/accordion_item]\n[\/accordion]\n[\/parallax_section]\n[\/parallax]\n","protected":false},"excerpt":{"rendered":"<p>[parallax] [parallax_section id=&#8217;2&#8242; height=&#8217;200&#8242; content_position=&#8217;center&#8216;] [custom_font font_family=&#8220; font_size=&#8217;40&#8216; line_height=&#8217;40&#8216; font_style=&#8220; font_weight=&#8217;100&#8242; color=&#8217;#ffffff&#8216; text_decoration=&#8220; background_color=&#8220; padding=&#8217;0px&#8216; margin=&#8217;75px&#8216;] FAQ\u00a0[\/custom_font] [\/parallax_section] [separator type=&#8217;transparent&#8216; color=&#8220; thickness=&#8220; up=&#8217;25&#8216; down=&#8217;25&#8216;] [parallax_section id=&#8217;3&#8242; height=&#8220; content_position=&#8217;left&#8216;] [accordion accordion_type=&#8217;toggle&#8216;] [accordion_item caption=&#8220;Wer ist Lawlinguists?&#8220; title_color=&#8220;] Lawlinguists ist ein internationales Netzwerk von mehrsprachigen Anw\u00e4lten, das \u00dcbersetzungen&#8230;<\/p>\n","protected":false},"author":4,"featured_media":0,"parent":0,"menu_order":0,"comment_status":"closed","ping_status":"closed","template":"full_width.php","meta":{"footnotes":""},"class_list":["post-1552","page","type-page","status-publish","hentry"],"yoast_head":"<!-- This site is optimized with the Yoast SEO plugin v27.3 - https:\/\/yoast.com\/product\/yoast-seo-wordpress\/ -->\n<title>FAQ - Lawlinguists<\/title>\n<meta name=\"description\" content=\"Unter der Sektion FAQ finden Sie Antworten auf meist gestellte Fragen. Danke, dass Sie mit Lawlinguists, dem ersten Netzwek f\u00fcr juristische \u00dcbersetzungen, Kontakt aufnehmen.\u00a0\" \/>\n<meta name=\"robots\" content=\"index, follow, max-snippet:-1, max-image-preview:large, max-video-preview:-1\" \/>\n<link rel=\"canonical\" href=\"https:\/\/lawlinguists.com\/faq\/\" \/>\n<meta property=\"og:locale\" content=\"de_DE\" \/>\n<meta property=\"og:type\" content=\"article\" \/>\n<meta property=\"og:title\" content=\"FAQ - Lawlinguists\" \/>\n<meta property=\"og:description\" content=\"Unter der Sektion FAQ finden Sie Antworten auf meist gestellte Fragen. Danke, dass Sie mit Lawlinguists, dem ersten Netzwek f\u00fcr juristische \u00dcbersetzungen, Kontakt aufnehmen.\u00a0\" \/>\n<meta property=\"og:url\" content=\"https:\/\/lawlinguists.com\/faq\/\" \/>\n<meta property=\"og:site_name\" content=\"Lawlinguists\" \/>\n<meta property=\"article:publisher\" content=\"https:\/\/www.facebook.com\/LawlinguistsTranslationAgency\/\" \/>\n<meta property=\"article:modified_time\" content=\"2017-03-22T10:35:39+00:00\" \/>\n<meta name=\"twitter:card\" content=\"summary_large_image\" \/>\n<meta name=\"twitter:site\" content=\"@Lawlinguists\" \/>\n<meta name=\"twitter:label1\" content=\"Gesch\u00e4tzte Lesezeit\" \/>\n\t<meta name=\"twitter:data1\" content=\"3 Minuten\" \/>\n<script type=\"application\/ld+json\" class=\"yoast-schema-graph\">{\"@context\":\"https:\\\/\\\/schema.org\",\"@graph\":[{\"@type\":\"WebPage\",\"@id\":\"https:\\\/\\\/lawlinguists.com\\\/faq\\\/\",\"url\":\"https:\\\/\\\/lawlinguists.com\\\/faq\\\/\",\"name\":\"FAQ - Lawlinguists\",\"isPartOf\":{\"@id\":\"https:\\\/\\\/lawlinguists.com\\\/#website\"},\"datePublished\":\"2015-11-23T16:56:37+00:00\",\"dateModified\":\"2017-03-22T10:35:39+00:00\",\"description\":\"Unter der Sektion FAQ finden Sie Antworten auf meist gestellte Fragen. Danke, dass Sie mit Lawlinguists, dem ersten Netzwek f\u00fcr juristische \u00dcbersetzungen, Kontakt aufnehmen.\u00a0\",\"breadcrumb\":{\"@id\":\"https:\\\/\\\/lawlinguists.com\\\/faq\\\/#breadcrumb\"},\"inLanguage\":\"de-DE\",\"potentialAction\":[{\"@type\":\"ReadAction\",\"target\":[\"https:\\\/\\\/lawlinguists.com\\\/faq\\\/\"]}]},{\"@type\":\"BreadcrumbList\",\"@id\":\"https:\\\/\\\/lawlinguists.com\\\/faq\\\/#breadcrumb\",\"itemListElement\":[{\"@type\":\"ListItem\",\"position\":1,\"name\":\"Lawlinguists\",\"item\":\"https:\\\/\\\/lawlinguists.com\\\/\"},{\"@type\":\"ListItem\",\"position\":2,\"name\":\"FAQ\"}]},{\"@type\":\"WebSite\",\"@id\":\"https:\\\/\\\/lawlinguists.com\\\/#website\",\"url\":\"https:\\\/\\\/lawlinguists.com\\\/\",\"name\":\"Lawlinguists\",\"description\":\"Because words can change clauses\",\"publisher\":{\"@id\":\"https:\\\/\\\/lawlinguists.com\\\/#organization\"},\"potentialAction\":[{\"@type\":\"SearchAction\",\"target\":{\"@type\":\"EntryPoint\",\"urlTemplate\":\"https:\\\/\\\/lawlinguists.com\\\/?s={search_term_string}\"},\"query-input\":{\"@type\":\"PropertyValueSpecification\",\"valueRequired\":true,\"valueName\":\"search_term_string\"}}],\"inLanguage\":\"de-DE\"},{\"@type\":\"Organization\",\"@id\":\"https:\\\/\\\/lawlinguists.com\\\/#organization\",\"name\":\"Lawlinguists\",\"url\":\"https:\\\/\\\/lawlinguists.com\\\/\",\"logo\":{\"@type\":\"ImageObject\",\"inLanguage\":\"de-DE\",\"@id\":\"https:\\\/\\\/lawlinguists.com\\\/#\\\/schema\\\/logo\\\/image\\\/\",\"url\":\"https:\\\/\\\/lawlinguists.com\\\/wp-content\\\/uploads\\\/2015\\\/11\\\/Lawlinguists.png\",\"contentUrl\":\"https:\\\/\\\/lawlinguists.com\\\/wp-content\\\/uploads\\\/2015\\\/11\\\/Lawlinguists.png\",\"width\":296,\"height\":115,\"caption\":\"Lawlinguists\"},\"image\":{\"@id\":\"https:\\\/\\\/lawlinguists.com\\\/#\\\/schema\\\/logo\\\/image\\\/\"},\"sameAs\":[\"https:\\\/\\\/www.facebook.com\\\/LawlinguistsTranslationAgency\\\/\",\"https:\\\/\\\/x.com\\\/Lawlinguists\",\"https:\\\/\\\/www.linkedin.com\\\/company\\\/lawlinguists-com?trk=tabs_biz_home\"]}]}<\/script>\n<!-- \/ Yoast SEO plugin. -->","yoast_head_json":{"title":"FAQ - Lawlinguists","description":"Unter der Sektion FAQ finden Sie Antworten auf meist gestellte Fragen. Danke, dass Sie mit Lawlinguists, dem ersten Netzwek f\u00fcr juristische \u00dcbersetzungen, Kontakt aufnehmen.\u00a0","robots":{"index":"index","follow":"follow","max-snippet":"max-snippet:-1","max-image-preview":"max-image-preview:large","max-video-preview":"max-video-preview:-1"},"canonical":"https:\/\/lawlinguists.com\/faq\/","og_locale":"de_DE","og_type":"article","og_title":"FAQ - Lawlinguists","og_description":"Unter der Sektion FAQ finden Sie Antworten auf meist gestellte Fragen. Danke, dass Sie mit Lawlinguists, dem ersten Netzwek f\u00fcr juristische \u00dcbersetzungen, Kontakt aufnehmen.\u00a0","og_url":"https:\/\/lawlinguists.com\/faq\/","og_site_name":"Lawlinguists","article_publisher":"https:\/\/www.facebook.com\/LawlinguistsTranslationAgency\/","article_modified_time":"2017-03-22T10:35:39+00:00","twitter_card":"summary_large_image","twitter_site":"@Lawlinguists","twitter_misc":{"Gesch\u00e4tzte Lesezeit":"3 Minuten"},"schema":{"@context":"https:\/\/schema.org","@graph":[{"@type":"WebPage","@id":"https:\/\/lawlinguists.com\/faq\/","url":"https:\/\/lawlinguists.com\/faq\/","name":"FAQ - Lawlinguists","isPartOf":{"@id":"https:\/\/lawlinguists.com\/#website"},"datePublished":"2015-11-23T16:56:37+00:00","dateModified":"2017-03-22T10:35:39+00:00","description":"Unter der Sektion FAQ finden Sie Antworten auf meist gestellte Fragen. Danke, dass Sie mit Lawlinguists, dem ersten Netzwek f\u00fcr juristische \u00dcbersetzungen, Kontakt aufnehmen.\u00a0","breadcrumb":{"@id":"https:\/\/lawlinguists.com\/faq\/#breadcrumb"},"inLanguage":"de-DE","potentialAction":[{"@type":"ReadAction","target":["https:\/\/lawlinguists.com\/faq\/"]}]},{"@type":"BreadcrumbList","@id":"https:\/\/lawlinguists.com\/faq\/#breadcrumb","itemListElement":[{"@type":"ListItem","position":1,"name":"Lawlinguists","item":"https:\/\/lawlinguists.com\/"},{"@type":"ListItem","position":2,"name":"FAQ"}]},{"@type":"WebSite","@id":"https:\/\/lawlinguists.com\/#website","url":"https:\/\/lawlinguists.com\/","name":"Lawlinguists","description":"Because words can change clauses","publisher":{"@id":"https:\/\/lawlinguists.com\/#organization"},"potentialAction":[{"@type":"SearchAction","target":{"@type":"EntryPoint","urlTemplate":"https:\/\/lawlinguists.com\/?s={search_term_string}"},"query-input":{"@type":"PropertyValueSpecification","valueRequired":true,"valueName":"search_term_string"}}],"inLanguage":"de-DE"},{"@type":"Organization","@id":"https:\/\/lawlinguists.com\/#organization","name":"Lawlinguists","url":"https:\/\/lawlinguists.com\/","logo":{"@type":"ImageObject","inLanguage":"de-DE","@id":"https:\/\/lawlinguists.com\/#\/schema\/logo\/image\/","url":"https:\/\/lawlinguists.com\/wp-content\/uploads\/2015\/11\/Lawlinguists.png","contentUrl":"https:\/\/lawlinguists.com\/wp-content\/uploads\/2015\/11\/Lawlinguists.png","width":296,"height":115,"caption":"Lawlinguists"},"image":{"@id":"https:\/\/lawlinguists.com\/#\/schema\/logo\/image\/"},"sameAs":["https:\/\/www.facebook.com\/LawlinguistsTranslationAgency\/","https:\/\/x.com\/Lawlinguists","https:\/\/www.linkedin.com\/company\/lawlinguists-com?trk=tabs_biz_home"]}]}},"featured_image_src":null,"featured_image_src_square":null,"_links":{"self":[{"href":"https:\/\/lawlinguists.com\/de\/wp-json\/wp\/v2\/pages\/1552","targetHints":{"allow":["GET"]}}],"collection":[{"href":"https:\/\/lawlinguists.com\/de\/wp-json\/wp\/v2\/pages"}],"about":[{"href":"https:\/\/lawlinguists.com\/de\/wp-json\/wp\/v2\/types\/page"}],"author":[{"embeddable":true,"href":"https:\/\/lawlinguists.com\/de\/wp-json\/wp\/v2\/users\/4"}],"replies":[{"embeddable":true,"href":"https:\/\/lawlinguists.com\/de\/wp-json\/wp\/v2\/comments?post=1552"}],"version-history":[{"count":0,"href":"https:\/\/lawlinguists.com\/de\/wp-json\/wp\/v2\/pages\/1552\/revisions"}],"wp:attachment":[{"href":"https:\/\/lawlinguists.com\/de\/wp-json\/wp\/v2\/media?parent=1552"}],"curies":[{"name":"wp","href":"https:\/\/api.w.org\/{rel}","templated":true}]}}