{"id":1511,"date":"2015-11-23T15:31:19","date_gmt":"2015-11-23T15:31:19","guid":{"rendered":"https:\/\/lawlinguists.com\/?page_id=1511&#038;lang=de"},"modified":"2023-05-17T07:38:38","modified_gmt":"2023-05-17T07:38:38","slug":"start","status":"publish","type":"page","link":"https:\/\/lawlinguists.com\/de\/start\/","title":{"rendered":"Start"},"content":{"rendered":"<p style=\"text-align: center;\">[parallax]\n<script type=\"text\/javascript\">jQuery(function() { _initLayerSlider( '#layerslider_11_171z4dhmqmup9', {sliderVersion: '7.14.1', responsiveUnder: 1200, layersContainer: 0, allowFullscreen: true, slideBGSize: 'auto', hideUnder: 1, hideOver: 100000, pauseOnHover: 'enabled', twoWaySlideshow: true, skin: 'v5', useSrcset: true, skinsPath: 'https:\/\/lawlinguists.com\/wp-content\/plugins\/LayerSlider\/assets\/static\/layerslider\/skins\/', performanceMode: true}); });<\/script><div id=\"layerslider_11_171z4dhmqmup9\"  class=\"ls-wp-container fitvidsignore ls-selectable\" style=\"width:1000px;height:400px;max-width:2000px;margin:0 auto;margin-bottom: 0px;\"><div class=\"ls-slide\" data-ls=\"duration:4000;\"><img fetchpriority=\"high\" decoding=\"async\" width=\"1920\" height=\"589\" src=\"https:\/\/lawlinguists.com\/wp-content\/uploads\/2015\/09\/Slideshow_New-York.jpg\" class=\"ls-bg\" alt=\"\" srcset=\"https:\/\/lawlinguists.com\/wp-content\/uploads\/2015\/09\/Slideshow_New-York.jpg 1920w, https:\/\/lawlinguists.com\/wp-content\/uploads\/2015\/09\/Slideshow_New-York-300x92.jpg 300w, https:\/\/lawlinguists.com\/wp-content\/uploads\/2015\/09\/Slideshow_New-York-1024x314.jpg 1024w\" sizes=\"(max-width: 1920px) 100vw, 1920px\" \/><img decoding=\"async\" width=\"726\" height=\"423\" src=\"https:\/\/lawlinguists.com\/wp-content\/uploads\/2015\/10\/bgvideo2.png\" class=\"ls-l ls-img-layer\" alt=\"\" srcset=\"https:\/\/lawlinguists.com\/wp-content\/uploads\/2015\/10\/bgvideo2.png 726w, https:\/\/lawlinguists.com\/wp-content\/uploads\/2015\/10\/bgvideo2-300x175.png 300w\" sizes=\"(max-width: 726px) 100vw, 726px\" style=\"top:50%;left:50%;width:40%;height:40%;\" data-ls=\"durationin:2000;fadein:false;offsetxout:-80;durationout:400;parallaxlevel:0;\"><div style=\"top:50%;left:50%;width:40%;height:40%;\" class=\"ls-l ls-html-layer\" data-ls=\"durationin:2000;fadein:false;offsetxout:-200;durationout:400;fadeout:false;parallaxlevel:0;\"><video controls autoplay><source src=\"https:\/\/lawlinguists.com\/wp-content\/uploads\/2023\/06\/video_home_de.mp4\" type=\"video\/mp4\" \/><\/video><\/div><\/div><\/div>\n[parallax_section id=&#8217;2&#8242; height=&#8220; content_position=&#8217;center&#8216;]\n[separator type=&#8217;transparent&#8216; color=&#8220; thickness=&#8220; up=&#8217;25&#8216; down=&#8217;25&#8216;]\n<h2>DIE ERSTE JURISTISCHE \u00dcBERSETZUNGSAGENTUR<br \/>\nVON ANW\u00c4LTEN F\u00dcR ANW\u00c4LTE<\/h2>\n[separator type=&#8217;transparent&#8216; color=&#8220; thickness=&#8220; up=&#8217;25&#8216; down=&#8217;25&#8216;]\n[element_fade_in transition_delay=&#8217;0&#8242;]\n<p style=\"text-align: center;\">[four_col_col1]\n<p style=\"text-align: center;\">[separator type=&#8217;transparent&#8216; color=&#8220; thickness=&#8220; up=&#8217;20&#8216; down=&#8217;20&#8216;]\n<h5 style=\"text-align: center;\"><span style=\"color: #00bcf2;\">Juristische \u00dcbersetzer<\/span><\/h5>\n<p style=\"text-align: center;\">[separator type=&#8217;transparent&#8216; color=&#8220; thickness=&#8220; up=&#8217;10&#8216; down=&#8217;10&#8216;]\n<p style=\"text-align: center;\">Unser <strong>Netzwerk mehrsprachiger Anw\u00e4lte <\/strong> ist weltweit das erste seiner Art und z\u00e4hlt mehr als 1000 juristische \u00dcbersetzer<\/p>\n<p style=\"text-align: center;\">[separator type=&#8217;transparent&#8216; color=&#8220; thickness=&#8220; up=&#8217;5&#8242; down=&#8217;5&#8242;]\n<p style=\"text-align: center;\">[\/four_col_col1]\n[four_col_col2]\n<p style=\"text-align: center;\">[separator type=&#8217;transparent&#8216; color=&#8220; thickness=&#8220; up=&#8217;20&#8216; down=&#8217;20&#8216;]\n<h5 style=\"text-align: center;\"><span style=\"color: #00bcf2;\">Sprachen<\/span><\/h5>\n<p style=\"text-align: center;\">[separator type=&#8217;transparent&#8216; color=&#8220; thickness=&#8220; up=&#8217;10&#8216; down=&#8217;10&#8216;]\n<p style=\"text-align: center;\">Mehr als 100 Sprachkombinationen aus 25 Sprachen<\/p>\n<p style=\"text-align: center;\">[separator type=&#8217;transparent&#8216; color=&#8220; thickness=&#8220; up=&#8217;5&#8242; down=&#8217;5&#8242;]\n<p style=\"text-align: center;\">[\/four_col_col2]\n[four_col_col3]\n<p style=\"text-align: center;\">[separator type=&#8217;transparent&#8216; color=&#8220; thickness=&#8220; up=&#8217;20&#8216; down=&#8217;20&#8216;]\n<h5 style=\"text-align: center;\"><span style=\"color: #00bcf2;\">Qualit\u00e4t\u00a0&amp; Dringlichkeit<\/span><\/h5>\n<p style=\"text-align: center;\">[separator type=&#8217;transparent&#8216; color=&#8220; thickness=&#8220; up=&#8217;10&#8216; down=&#8217;10&#8216;]\n<p style=\"text-align: center;\"><strong>Unsere \u00dcbersetzer sind praktizierende Anw\u00e4lte<\/strong>, die das Rechtssystem ihres Heimatlandes genau kennen. Wir \u00fcbersetzen bis zu <strong>30.000 W\u00f6rter pro Tag<\/strong><\/p>\n<p style=\"text-align: center;\">[separator type=&#8217;transparent&#8216; color=&#8220; thickness=&#8220; up=&#8217;5&#8242; down=&#8217;5&#8242;]\n<p style=\"text-align: center;\">[\/four_col_col3]\n[four_col_col4]\n<p style=\"text-align: center;\">[separator type=&#8217;transparent&#8216; color=&#8220; thickness=&#8220; up=&#8217;20&#8216; down=&#8217;20&#8216;]\n<h5 style=\"text-align: center;\"><span style=\"color: #00bcf2;\">Juristische Spezialisierung<\/span><\/h5>\n<p style=\"text-align: center;\">[separator type=&#8217;transparent&#8216; color=&#8220; thickness=&#8220; up=&#8217;10&#8216; down=&#8217;10&#8216;]\n<p style=\"text-align: center;\">Wir \u00fcbersetzen nur juristische Dokumente<\/p>\n<p style=\"text-align: center;\">[separator type=&#8217;transparent&#8216; color=&#8220; thickness=&#8220; up=&#8217;5&#8242; down=&#8217;5&#8242;]\n<p style=\"text-align: center;\">[\/four_col_col4]\n<p style=\"text-align: center;\">[\/element_fade_in]\n<p style=\"text-align: center;\">[\/parallax_section]\n<p style=\"text-align: center;\">[parallax_section id=&#8217;1&#8242; height=&#8217;450&#8242; content_position=&#8217;center&#8216;]\n[separator type=&#8217;transparent&#8216; color=&#8220; thickness=&#8220; up=&#8217;45&#8216; down=&#8217;45&#8216;]\n<p style=\"text-align: center;\">[custom_font font_family=&#8220; font_size=&#8217;56&#8216; line_height=&#8217;56&#8216; font_style=&#8220; font_weight=&#8217;100&#8242; color=&#8217;#ffffff&#8216; text_decoration=&#8220; background_color=&#8220; padding=&#8217;0px&#8216; margin=&#8217;0px&#8216;] Einige unserer Kunden [\/custom_font]\n<p style=\"text-align: center;\">[separator type=&#8217;transparent&#8216; color=&#8220; thickness=&#8220; up=&#8217;20&#8216; down=&#8217;20&#8216;]\n[three_col_col1]\n<p><img decoding=\"async\" class=\"alignnone size-full wp-image-897\" src=\"https:\/\/lawlinguists.com\/wp-content\/uploads\/2015\/07\/Sony2.png\" alt=\"Lawlinguists - Netzwerk f\u00fcr juristische \u00dcbersetzungen\" width=\"299\" height=\"164\" \/><\/p>\n[\/three_col_col1]\n[three_col_col2]\n<p><img loading=\"lazy\" decoding=\"async\" class=\"alignnone size-full wp-image-1038\" src=\"https:\/\/lawlinguists.com\/wp-content\/uploads\/2015\/07\/Baker3ok.png\" alt=\"Lawlinguists - Netzwerk f\u00fcr juristische \u00dcbersetzungen\" width=\"299\" height=\"164\" \/><\/p>\n[\/three_col_col2]\n[three_col_col3]\n<p><img loading=\"lazy\" decoding=\"async\" class=\"alignnone size-full wp-image-1039\" src=\"https:\/\/lawlinguists.com\/wp-content\/uploads\/2015\/07\/CroweHorwath3ok.png\" alt=\"Lawlinguists - Netzwerk f\u00fcr juristische \u00dcbersetzungen\" width=\"299\" height=\"164\" \/><\/p>\n[\/three_col_col3]\n[separator type=&#8217;transparent&#8216; color=&#8220; thickness=&#8220; up=&#8217;45&#8216; down=&#8217;45&#8216;]\n[\/parallax_section]\n[\/parallax]\n<p style=\"text-align: center;\">[parallax]\n[parallax_section id=&#8220; height=&#8217;200&#8242; content_position=&#8217;center&#8216;]\n[custom_font font_family=&#8220; font_size=&#8217;40&#8216; line_height=&#8217;40&#8216; font_style=&#8220; font_weight=&#8217;100&#8242; color=&#8217;#000000&#8242; text_decoration=&#8220; background_color=&#8220; padding=&#8217;0px&#8216; margin=&#8217;75px&#8216;] Dicono di noi [\/custom_font]\n[\/parallax_section]\n[parallax_section id=&#8217;3&#8242; height=&#8220; content_position=&#8217;left&#8216;]\n[separator type=&#8217;full_width&#8216; color=&#8220; thickness=&#8220; up=&#8217;25&#8216; down=&#8217;25&#8216;]\n<h2 style=\"text-align: center;\">Media<\/h2>\n<h3 style=\"text-align: center;\">Unser Team ist stolz darauf, international anerkannt zu sein und einige Aufs\u00e4tze ver\u00f6ffentlicht zu haben. Ebenso wurden wir in mehreren Pressever\u00f6ffentlichungen als Referenz f\u00fcr die juristische \u00dcbersetzungsindustrie erw\u00e4hnt:<\/h3>\n[separator type=&#8217;full_width&#8216; color=&#8220; thickness=&#8220; up=&#8217;25&#8216; down=&#8217;25&#8216;]\n<p><a href=\"https:\/\/forbes.it\/2019\/03\/18\/traduzioni-legali-giurilinguista-partner-avvocato-del-futuro\/\"><img loading=\"lazy\" decoding=\"async\" class=\"alignnone size-medium wp-image-5001\" src=\"https:\/\/lawlinguists.com\/wp-content\/uploads\/2020\/03\/forbes.jpg\" alt=\"\" width=\"131\" height=\"60\" \/><\/a><a href=\"http:\/\/nuvola.corriere.it\/2016\/01\/06\/lawlinguists-assume-avvocati-traduttori\/\"><img loading=\"lazy\" decoding=\"async\" class=\"alignnone size-full wp-image-4989\" src=\"https:\/\/lawlinguists.com\/wp-content\/uploads\/2020\/03\/corriere.jpg\" alt=\"\" width=\"131\" height=\"60\" \/><\/a> <a href=\"http:\/\/www.diritto24.ilsole24ore.com\/art\/avvocatoAffari\/intervistaAvvocato\/2018-02-19\/riccardo-massari-fondatore-lawlinguists-135604.php?refresh_ce=1\"><img loading=\"lazy\" decoding=\"async\" class=\"alignnone size-medium wp-image-5025\" src=\"https:\/\/lawlinguists.com\/wp-content\/uploads\/2020\/03\/sole24.jpg\" alt=\"\" width=\"131\" height=\"60\" \/><\/a> <a href=\"https:\/\/legalcommunity.it\/wp-content\/uploads\/2018\/07\/Mag105del18072018_byLcSrl_LC.pdf#page=152\"><img loading=\"lazy\" decoding=\"async\" class=\"alignnone size-medium wp-image-5019\" src=\"https:\/\/lawlinguists.com\/wp-content\/uploads\/2020\/03\/legalcommunity.jpg\" alt=\"\" width=\"131\" height=\"60\" \/><\/a> \u00a0<a href=\"https:\/\/www.toplegal.it\/news\/2014\/04\/07\/13638\/lawlinguists-apre-a-new-york\"><img loading=\"lazy\" decoding=\"async\" class=\"alignnone size-medium wp-image-5031\" src=\"https:\/\/lawlinguists.com\/wp-content\/uploads\/2020\/03\/TopLegal.jpg\" alt=\"\" width=\"131\" height=\"60\" \/><\/a><a href=\"https:\/\/www.finanzaediritto.it\/articoli\/lawlinguists-cresce-e-si-espande-in-europa-15591.html\"><img loading=\"lazy\" decoding=\"async\" class=\"alignnone size-medium wp-image-5013\" src=\"https:\/\/lawlinguists.com\/wp-content\/uploads\/2020\/03\/lefonti.jpg\" alt=\"\" width=\"131\" height=\"60\" \/><\/a><a href=\"https:\/\/www.efe.com\/efe\/espana\/efeemprende\/50000911\"><img loading=\"lazy\" decoding=\"async\" class=\"alignnone size-medium wp-image-4995\" src=\"https:\/\/lawlinguists.com\/wp-content\/uploads\/2020\/03\/efe.jpg\" alt=\"\" width=\"131\" height=\"60\" \/><\/a><a href=\"https:\/\/elderecho.com\/lawlinguists-cumple-5-anos-y-obtiene-record-de-facturacion\"><img loading=\"lazy\" decoding=\"async\" class=\"alignnone size-medium wp-image-5007\" src=\"https:\/\/lawlinguists.com\/wp-content\/uploads\/2020\/03\/lefebvre.jpg\" alt=\"\" width=\"131\" height=\"60\" \/><\/a><\/p>\n[separator type=&#8217;full_width&#8216; color=&#8220; thickness=&#8220; up=&#8217;25&#8216; down=&#8217;25&#8216;]\n[\/parallax_section]\n[\/parallax]\n<h3 style=\"text-align: left;\"><\/h3>\n","protected":false},"excerpt":{"rendered":"<p>[parallax] [parallax_section id=&#8217;2&#8242; height=&#8220; content_position=&#8217;center&#8216;] [separator type=&#8217;transparent&#8216; color=&#8220; thickness=&#8220; up=&#8217;25&#8216; down=&#8217;25&#8216;] DIE ERSTE JURISTISCHE \u00dcBERSETZUNGSAGENTUR VON ANW\u00c4LTEN F\u00dcR ANW\u00c4LTE [separator type=&#8217;transparent&#8216; color=&#8220; thickness=&#8220; up=&#8217;25&#8216; down=&#8217;25&#8216;] [element_fade_in transition_delay=&#8217;0&#8242;] [four_col_col1] [separator type=&#8217;transparent&#8216; color=&#8220; thickness=&#8220; up=&#8217;20&#8216; down=&#8217;20&#8216;] Juristische \u00dcbersetzer [separator type=&#8217;transparent&#8216; color=&#8220; thickness=&#8220; up=&#8217;10&#8216; down=&#8217;10&#8216;] Unser Netzwerk mehrsprachiger&#8230;<\/p>\n","protected":false},"author":4,"featured_media":0,"parent":0,"menu_order":0,"comment_status":"open","ping_status":"closed","template":"full_width.php","meta":{"footnotes":""},"class_list":["post-1511","page","type-page","status-publish","hentry"],"yoast_head":"<!-- This site is optimized with the Yoast SEO plugin v27.3 - https:\/\/yoast.com\/product\/yoast-seo-wordpress\/ -->\n<title>Lawlinguists - Netzwerk f\u00fcr juristische \u00dcbersetzungen<\/title>\n<meta name=\"description\" content=\"Lawlinguists ist ein Netzwek f\u00fcr juristische \u00dcbersetzungen von Anw\u00e4lten f\u00fcr Anw\u00e4lte, das juristische \u00dcbersetzungsservices in mehr als 100 Sprachkombinationen anbietet.\" \/>\n<meta name=\"robots\" content=\"index, follow, max-snippet:-1, max-image-preview:large, max-video-preview:-1\" \/>\n<link rel=\"canonical\" href=\"https:\/\/lawlinguists.com\/de\/\" \/>\n<meta property=\"og:locale\" content=\"de_DE\" \/>\n<meta property=\"og:type\" content=\"article\" \/>\n<meta property=\"og:title\" content=\"Lawlinguists - Netzwerk f\u00fcr juristische \u00dcbersetzungen\" \/>\n<meta property=\"og:description\" content=\"Lawlinguists ist ein Netzwek f\u00fcr juristische \u00dcbersetzungen von Anw\u00e4lten f\u00fcr Anw\u00e4lte, das juristische \u00dcbersetzungsservices in mehr als 100 Sprachkombinationen anbietet.\" \/>\n<meta property=\"og:url\" content=\"https:\/\/lawlinguists.com\/de\/\" \/>\n<meta property=\"og:site_name\" content=\"Lawlinguists\" \/>\n<meta property=\"article:publisher\" content=\"https:\/\/www.facebook.com\/LawlinguistsTranslationAgency\/\" \/>\n<meta property=\"article:modified_time\" content=\"2023-05-17T07:38:38+00:00\" \/>\n<meta property=\"og:image\" content=\"https:\/\/lawlinguists.com\/wp-content\/uploads\/2015\/07\/Sony2.png\" \/>\n<meta name=\"twitter:card\" content=\"summary_large_image\" \/>\n<meta name=\"twitter:site\" content=\"@Lawlinguists\" \/>\n<meta name=\"twitter:label1\" content=\"Gesch\u00e4tzte Lesezeit\" \/>\n\t<meta name=\"twitter:data1\" content=\"4 Minuten\" \/>\n<script type=\"application\/ld+json\" class=\"yoast-schema-graph\">{\"@context\":\"https:\\\/\\\/schema.org\",\"@graph\":[{\"@type\":\"WebPage\",\"@id\":\"https:\\\/\\\/lawlinguists.com\\\/de\\\/\",\"url\":\"https:\\\/\\\/lawlinguists.com\\\/de\\\/\",\"name\":\"Lawlinguists - Netzwerk f\u00fcr juristische \u00dcbersetzungen\",\"isPartOf\":{\"@id\":\"https:\\\/\\\/lawlinguists.com\\\/#website\"},\"primaryImageOfPage\":{\"@id\":\"https:\\\/\\\/lawlinguists.com\\\/de\\\/#primaryimage\"},\"image\":{\"@id\":\"https:\\\/\\\/lawlinguists.com\\\/de\\\/#primaryimage\"},\"thumbnailUrl\":\"https:\\\/\\\/lawlinguists.com\\\/wp-content\\\/uploads\\\/2015\\\/07\\\/Sony2.png\",\"datePublished\":\"2015-11-23T15:31:19+00:00\",\"dateModified\":\"2023-05-17T07:38:38+00:00\",\"description\":\"Lawlinguists ist ein Netzwek f\u00fcr juristische \u00dcbersetzungen von Anw\u00e4lten f\u00fcr Anw\u00e4lte, das juristische \u00dcbersetzungsservices in mehr als 100 Sprachkombinationen anbietet.\",\"breadcrumb\":{\"@id\":\"https:\\\/\\\/lawlinguists.com\\\/de\\\/#breadcrumb\"},\"inLanguage\":\"de-DE\",\"potentialAction\":[{\"@type\":\"ReadAction\",\"target\":[\"https:\\\/\\\/lawlinguists.com\\\/de\\\/\"]}]},{\"@type\":\"ImageObject\",\"inLanguage\":\"de-DE\",\"@id\":\"https:\\\/\\\/lawlinguists.com\\\/de\\\/#primaryimage\",\"url\":\"https:\\\/\\\/lawlinguists.com\\\/wp-content\\\/uploads\\\/2015\\\/07\\\/Sony2.png\",\"contentUrl\":\"https:\\\/\\\/lawlinguists.com\\\/wp-content\\\/uploads\\\/2015\\\/07\\\/Sony2.png\"},{\"@type\":\"BreadcrumbList\",\"@id\":\"https:\\\/\\\/lawlinguists.com\\\/de\\\/#breadcrumb\",\"itemListElement\":[{\"@type\":\"ListItem\",\"position\":1,\"name\":\"Lawlinguists\",\"item\":\"https:\\\/\\\/lawlinguists.com\\\/\"},{\"@type\":\"ListItem\",\"position\":2,\"name\":\"Start\"}]},{\"@type\":\"WebSite\",\"@id\":\"https:\\\/\\\/lawlinguists.com\\\/#website\",\"url\":\"https:\\\/\\\/lawlinguists.com\\\/\",\"name\":\"Lawlinguists\",\"description\":\"Because words can change clauses\",\"publisher\":{\"@id\":\"https:\\\/\\\/lawlinguists.com\\\/#organization\"},\"potentialAction\":[{\"@type\":\"SearchAction\",\"target\":{\"@type\":\"EntryPoint\",\"urlTemplate\":\"https:\\\/\\\/lawlinguists.com\\\/?s={search_term_string}\"},\"query-input\":{\"@type\":\"PropertyValueSpecification\",\"valueRequired\":true,\"valueName\":\"search_term_string\"}}],\"inLanguage\":\"de-DE\"},{\"@type\":\"Organization\",\"@id\":\"https:\\\/\\\/lawlinguists.com\\\/#organization\",\"name\":\"Lawlinguists\",\"url\":\"https:\\\/\\\/lawlinguists.com\\\/\",\"logo\":{\"@type\":\"ImageObject\",\"inLanguage\":\"de-DE\",\"@id\":\"https:\\\/\\\/lawlinguists.com\\\/#\\\/schema\\\/logo\\\/image\\\/\",\"url\":\"https:\\\/\\\/lawlinguists.com\\\/wp-content\\\/uploads\\\/2015\\\/11\\\/Lawlinguists.png\",\"contentUrl\":\"https:\\\/\\\/lawlinguists.com\\\/wp-content\\\/uploads\\\/2015\\\/11\\\/Lawlinguists.png\",\"width\":296,\"height\":115,\"caption\":\"Lawlinguists\"},\"image\":{\"@id\":\"https:\\\/\\\/lawlinguists.com\\\/#\\\/schema\\\/logo\\\/image\\\/\"},\"sameAs\":[\"https:\\\/\\\/www.facebook.com\\\/LawlinguistsTranslationAgency\\\/\",\"https:\\\/\\\/x.com\\\/Lawlinguists\",\"https:\\\/\\\/www.linkedin.com\\\/company\\\/lawlinguists-com?trk=tabs_biz_home\"]}]}<\/script>\n<!-- \/ Yoast SEO plugin. -->","yoast_head_json":{"title":"Lawlinguists - Netzwerk f\u00fcr juristische \u00dcbersetzungen","description":"Lawlinguists ist ein Netzwek f\u00fcr juristische \u00dcbersetzungen von Anw\u00e4lten f\u00fcr Anw\u00e4lte, das juristische \u00dcbersetzungsservices in mehr als 100 Sprachkombinationen anbietet.","robots":{"index":"index","follow":"follow","max-snippet":"max-snippet:-1","max-image-preview":"max-image-preview:large","max-video-preview":"max-video-preview:-1"},"canonical":"https:\/\/lawlinguists.com\/de\/","og_locale":"de_DE","og_type":"article","og_title":"Lawlinguists - Netzwerk f\u00fcr juristische \u00dcbersetzungen","og_description":"Lawlinguists ist ein Netzwek f\u00fcr juristische \u00dcbersetzungen von Anw\u00e4lten f\u00fcr Anw\u00e4lte, das juristische \u00dcbersetzungsservices in mehr als 100 Sprachkombinationen anbietet.","og_url":"https:\/\/lawlinguists.com\/de\/","og_site_name":"Lawlinguists","article_publisher":"https:\/\/www.facebook.com\/LawlinguistsTranslationAgency\/","article_modified_time":"2023-05-17T07:38:38+00:00","og_image":[{"url":"https:\/\/lawlinguists.com\/wp-content\/uploads\/2015\/07\/Sony2.png","type":"","width":"","height":""}],"twitter_card":"summary_large_image","twitter_site":"@Lawlinguists","twitter_misc":{"Gesch\u00e4tzte Lesezeit":"4 Minuten"},"schema":{"@context":"https:\/\/schema.org","@graph":[{"@type":"WebPage","@id":"https:\/\/lawlinguists.com\/de\/","url":"https:\/\/lawlinguists.com\/de\/","name":"Lawlinguists - Netzwerk f\u00fcr juristische \u00dcbersetzungen","isPartOf":{"@id":"https:\/\/lawlinguists.com\/#website"},"primaryImageOfPage":{"@id":"https:\/\/lawlinguists.com\/de\/#primaryimage"},"image":{"@id":"https:\/\/lawlinguists.com\/de\/#primaryimage"},"thumbnailUrl":"https:\/\/lawlinguists.com\/wp-content\/uploads\/2015\/07\/Sony2.png","datePublished":"2015-11-23T15:31:19+00:00","dateModified":"2023-05-17T07:38:38+00:00","description":"Lawlinguists ist ein Netzwek f\u00fcr juristische \u00dcbersetzungen von Anw\u00e4lten f\u00fcr Anw\u00e4lte, das juristische \u00dcbersetzungsservices in mehr als 100 Sprachkombinationen anbietet.","breadcrumb":{"@id":"https:\/\/lawlinguists.com\/de\/#breadcrumb"},"inLanguage":"de-DE","potentialAction":[{"@type":"ReadAction","target":["https:\/\/lawlinguists.com\/de\/"]}]},{"@type":"ImageObject","inLanguage":"de-DE","@id":"https:\/\/lawlinguists.com\/de\/#primaryimage","url":"https:\/\/lawlinguists.com\/wp-content\/uploads\/2015\/07\/Sony2.png","contentUrl":"https:\/\/lawlinguists.com\/wp-content\/uploads\/2015\/07\/Sony2.png"},{"@type":"BreadcrumbList","@id":"https:\/\/lawlinguists.com\/de\/#breadcrumb","itemListElement":[{"@type":"ListItem","position":1,"name":"Lawlinguists","item":"https:\/\/lawlinguists.com\/"},{"@type":"ListItem","position":2,"name":"Start"}]},{"@type":"WebSite","@id":"https:\/\/lawlinguists.com\/#website","url":"https:\/\/lawlinguists.com\/","name":"Lawlinguists","description":"Because words can change clauses","publisher":{"@id":"https:\/\/lawlinguists.com\/#organization"},"potentialAction":[{"@type":"SearchAction","target":{"@type":"EntryPoint","urlTemplate":"https:\/\/lawlinguists.com\/?s={search_term_string}"},"query-input":{"@type":"PropertyValueSpecification","valueRequired":true,"valueName":"search_term_string"}}],"inLanguage":"de-DE"},{"@type":"Organization","@id":"https:\/\/lawlinguists.com\/#organization","name":"Lawlinguists","url":"https:\/\/lawlinguists.com\/","logo":{"@type":"ImageObject","inLanguage":"de-DE","@id":"https:\/\/lawlinguists.com\/#\/schema\/logo\/image\/","url":"https:\/\/lawlinguists.com\/wp-content\/uploads\/2015\/11\/Lawlinguists.png","contentUrl":"https:\/\/lawlinguists.com\/wp-content\/uploads\/2015\/11\/Lawlinguists.png","width":296,"height":115,"caption":"Lawlinguists"},"image":{"@id":"https:\/\/lawlinguists.com\/#\/schema\/logo\/image\/"},"sameAs":["https:\/\/www.facebook.com\/LawlinguistsTranslationAgency\/","https:\/\/x.com\/Lawlinguists","https:\/\/www.linkedin.com\/company\/lawlinguists-com?trk=tabs_biz_home"]}]}},"featured_image_src":null,"featured_image_src_square":null,"_links":{"self":[{"href":"https:\/\/lawlinguists.com\/de\/wp-json\/wp\/v2\/pages\/1511","targetHints":{"allow":["GET"]}}],"collection":[{"href":"https:\/\/lawlinguists.com\/de\/wp-json\/wp\/v2\/pages"}],"about":[{"href":"https:\/\/lawlinguists.com\/de\/wp-json\/wp\/v2\/types\/page"}],"author":[{"embeddable":true,"href":"https:\/\/lawlinguists.com\/de\/wp-json\/wp\/v2\/users\/4"}],"replies":[{"embeddable":true,"href":"https:\/\/lawlinguists.com\/de\/wp-json\/wp\/v2\/comments?post=1511"}],"version-history":[{"count":0,"href":"https:\/\/lawlinguists.com\/de\/wp-json\/wp\/v2\/pages\/1511\/revisions"}],"wp:attachment":[{"href":"https:\/\/lawlinguists.com\/de\/wp-json\/wp\/v2\/media?parent=1511"}],"curies":[{"name":"wp","href":"https:\/\/api.w.org\/{rel}","templated":true}]}}